{"id":978,"date":"2024-09-25T09:27:34","date_gmt":"2024-09-25T09:27:34","guid":{"rendered":"http:\/\/projederi.com.tr\/?post_type=product&#038;p=978"},"modified":"2025-02-09T21:02:40","modified_gmt":"2025-02-09T21:02:40","slug":"not-kagit-kutusu","status":"publish","type":"product","link":"https:\/\/projederi.com.tr\/?product=not-kagit-kutusu","title":{"rendered":"Not Ka\u011f\u0131t Kutusu"},"content":{"rendered":"<p>Renk: Ta\u015f rengi deri<\/p>\n<p>Suni deri<\/p>\n<p><img decoding=\"async\" class=\"alignnone  wp-image-1996\" src=\"http:\/\/projederi.com.tr\/wp-content\/uploads\/2025\/01\/Ekran-Resmi-2025-02-09-17.39.56-300x117.png\" alt=\"\" width=\"174\" height=\"68\" srcset=\"https:\/\/projederi.com.tr\/wp-content\/uploads\/2025\/01\/Ekran-Resmi-2025-02-09-17.39.56-300x117.png 300w, https:\/\/projederi.com.tr\/wp-content\/uploads\/2025\/01\/Ekran-Resmi-2025-02-09-17.39.56.png 692w\" sizes=\"(max-width: 174px) 100vw, 174px\" \/><\/p>\n<p>&nbsp;<\/p>\n","protected":false},"excerpt":{"rendered":"<p>Renk: Ta\u015f rengi deri Suni deri &nbsp;<\/p>\n","protected":false},"featured_media":979,"template":"","meta":[],"product_brand":[],"product_cat":[50],"product_tag":[],"class_list":{"0":"post-978","1":"product","2":"type-product","3":"status-publish","4":"has-post-thumbnail","6":"product_cat-ofis-urunleri","8":"first","9":"instock","10":"shipping-taxable","11":"product-type-simple"},"_links":{"self":[{"href":"https:\/\/projederi.com.tr\/index.php?rest_route=\/wp\/v2\/product\/978","targetHints":{"allow":["GET"]}}],"collection":[{"href":"https:\/\/projederi.com.tr\/index.php?rest_route=\/wp\/v2\/product"}],"about":[{"href":"https:\/\/projederi.com.tr\/index.php?rest_route=\/wp\/v2\/types\/product"}],"wp:featuredmedia":[{"embeddable":true,"href":"https:\/\/projederi.com.tr\/index.php?rest_route=\/wp\/v2\/media\/979"}],"wp:attachment":[{"href":"https:\/\/projederi.com.tr\/index.php?rest_route=%2Fwp%2Fv2%2Fmedia&parent=978"}],"wp:term":[{"taxonomy":"product_brand","embeddable":true,"href":"https:\/\/projederi.com.tr\/index.php?rest_route=%2Fwp%2Fv2%2Fproduct_brand&post=978"},{"taxonomy":"product_cat","embeddable":true,"href":"https:\/\/projederi.com.tr\/index.php?rest_route=%2Fwp%2Fv2%2Fproduct_cat&post=978"},{"taxonomy":"product_tag","embeddable":true,"href":"https:\/\/projederi.com.tr\/index.php?rest_route=%2Fwp%2Fv2%2Fproduct_tag&post=978"}],"curies":[{"name":"wp","href":"https:\/\/api.w.org\/{rel}","templated":true}]}}