{"id":891,"date":"2024-09-25T07:42:18","date_gmt":"2024-09-25T07:42:18","guid":{"rendered":"http:\/\/projederi.com.tr\/?post_type=product&#038;p=891"},"modified":"2025-03-16T10:21:35","modified_gmt":"2025-03-16T07:21:35","slug":"deri-amerikan-servis-stone-cift-tarafli","status":"publish","type":"product","link":"https:\/\/projederi.com.tr\/?product=deri-amerikan-servis-stone-cift-tarafli","title":{"rendered":"Deri Amerikan Servis \u00c7ift Tarafl\u0131 STONE"},"content":{"rendered":"<p>Renk: A\u00e7\u0131k ve koyu vizon<\/p>\n<p>Her iki y\u00fczeyde kullan\u0131labilir<\/p>\n<p>Suni deri<\/p>\n<p>\u00d6l\u00e7\u00fc : 33&#215;40 cm<\/p>\n<p><img decoding=\"async\" class=\"alignnone  wp-image-1996\" src=\"http:\/\/projederi.com.tr\/wp-content\/uploads\/2025\/01\/Ekran-Resmi-2025-02-09-17.39.56-300x117.png\" alt=\"\" width=\"133\" height=\"52\" srcset=\"https:\/\/projederi.com.tr\/wp-content\/uploads\/2025\/01\/Ekran-Resmi-2025-02-09-17.39.56-300x117.png 300w, https:\/\/projederi.com.tr\/wp-content\/uploads\/2025\/01\/Ekran-Resmi-2025-02-09-17.39.56.png 692w\" sizes=\"(max-width: 133px) 100vw, 133px\" \/><\/p>\n<p>&nbsp;<\/p>\n","protected":false},"excerpt":{"rendered":"<p>Renk: A\u00e7\u0131k ve koyu vizon Her iki y\u00fczeyde kullan\u0131labilir Suni deri \u00d6l\u00e7\u00fc : 33&#215;40 cm &nbsp;<\/p>\n","protected":false},"featured_media":892,"template":"","meta":[],"product_brand":[],"product_cat":[44,81,74,83],"product_tag":[27,34],"class_list":{"0":"post-891","1":"product","2":"type-product","3":"status-publish","4":"has-post-thumbnail","6":"product_cat-amerikan-servis","7":"product_cat-masa-ustu","8":"product_cat-otel-urunleri","9":"product_cat-tekne","10":"product_tag-hotellerie","11":"product_tag-tekne","13":"first","14":"instock","15":"shipping-taxable","16":"purchasable","17":"product-type-variable"},"_links":{"self":[{"href":"https:\/\/projederi.com.tr\/index.php?rest_route=\/wp\/v2\/product\/891","targetHints":{"allow":["GET"]}}],"collection":[{"href":"https:\/\/projederi.com.tr\/index.php?rest_route=\/wp\/v2\/product"}],"about":[{"href":"https:\/\/projederi.com.tr\/index.php?rest_route=\/wp\/v2\/types\/product"}],"wp:featuredmedia":[{"embeddable":true,"href":"https:\/\/projederi.com.tr\/index.php?rest_route=\/wp\/v2\/media\/892"}],"wp:attachment":[{"href":"https:\/\/projederi.com.tr\/index.php?rest_route=%2Fwp%2Fv2%2Fmedia&parent=891"}],"wp:term":[{"taxonomy":"product_brand","embeddable":true,"href":"https:\/\/projederi.com.tr\/index.php?rest_route=%2Fwp%2Fv2%2Fproduct_brand&post=891"},{"taxonomy":"product_cat","embeddable":true,"href":"https:\/\/projederi.com.tr\/index.php?rest_route=%2Fwp%2Fv2%2Fproduct_cat&post=891"},{"taxonomy":"product_tag","embeddable":true,"href":"https:\/\/projederi.com.tr\/index.php?rest_route=%2Fwp%2Fv2%2Fproduct_tag&post=891"}],"curies":[{"name":"wp","href":"https:\/\/api.w.org\/{rel}","templated":true}]}}