{"id":886,"date":"2024-09-25T07:06:21","date_gmt":"2024-09-25T07:06:21","guid":{"rendered":"http:\/\/projederi.com.tr\/?post_type=product&#038;p=886"},"modified":"2025-02-09T21:01:17","modified_gmt":"2025-02-09T21:01:17","slug":"deri-amerikan-servis-egg-cift-tarafli","status":"publish","type":"product","link":"https:\/\/projederi.com.tr\/?product=deri-amerikan-servis-egg-cift-tarafli","title":{"rendered":"Deri Amerikan Servis \u00c7ift Tarafl\u0131 EGG"},"content":{"rendered":"<p>Renk: A\u00e7\u0131k ve koyu vizon<\/p>\n<p>Her iki y\u00fczeyde kullan\u0131labilir<\/p>\n<p>Diki\u015fli<\/p>\n<p>Oval<\/p>\n<p>Suni deri<\/p>\n<p>\u00d6l\u00e7\u00fc : 35&#215;48 cm<\/p>\n<p>&nbsp;<\/p>\n<p><img decoding=\"async\" class=\"alignnone  wp-image-1996\" src=\"http:\/\/projederi.com.tr\/wp-content\/uploads\/2025\/01\/Ekran-Resmi-2025-02-09-17.39.56-300x117.png\" alt=\"\" width=\"141\" height=\"55\" srcset=\"https:\/\/projederi.com.tr\/wp-content\/uploads\/2025\/01\/Ekran-Resmi-2025-02-09-17.39.56-300x117.png 300w, https:\/\/projederi.com.tr\/wp-content\/uploads\/2025\/01\/Ekran-Resmi-2025-02-09-17.39.56.png 692w\" sizes=\"(max-width: 141px) 100vw, 141px\" \/><\/p>\n<p>&nbsp;<\/p>\n<p>&nbsp;<\/p>\n","protected":false},"excerpt":{"rendered":"<p>Renk: A\u00e7\u0131k ve koyu vizon Her iki y\u00fczeyde kullan\u0131labilir Diki\u015fli Oval Suni deri \u00d6l\u00e7\u00fc : 35&#215;48 cm &nbsp; &nbsp; &nbsp;<\/p>\n","protected":false},"featured_media":888,"template":"","meta":[],"product_brand":[],"product_cat":[44,81,74,83],"product_tag":[],"class_list":{"0":"post-886","1":"product","2":"type-product","3":"status-publish","4":"has-post-thumbnail","6":"product_cat-amerikan-servis","7":"product_cat-masa-ustu","8":"product_cat-otel-urunleri","9":"product_cat-tekne","11":"first","12":"instock","13":"shipping-taxable","14":"purchasable","15":"product-type-variable"},"_links":{"self":[{"href":"https:\/\/projederi.com.tr\/index.php?rest_route=\/wp\/v2\/product\/886","targetHints":{"allow":["GET"]}}],"collection":[{"href":"https:\/\/projederi.com.tr\/index.php?rest_route=\/wp\/v2\/product"}],"about":[{"href":"https:\/\/projederi.com.tr\/index.php?rest_route=\/wp\/v2\/types\/product"}],"wp:featuredmedia":[{"embeddable":true,"href":"https:\/\/projederi.com.tr\/index.php?rest_route=\/wp\/v2\/media\/888"}],"wp:attachment":[{"href":"https:\/\/projederi.com.tr\/index.php?rest_route=%2Fwp%2Fv2%2Fmedia&parent=886"}],"wp:term":[{"taxonomy":"product_brand","embeddable":true,"href":"https:\/\/projederi.com.tr\/index.php?rest_route=%2Fwp%2Fv2%2Fproduct_brand&post=886"},{"taxonomy":"product_cat","embeddable":true,"href":"https:\/\/projederi.com.tr\/index.php?rest_route=%2Fwp%2Fv2%2Fproduct_cat&post=886"},{"taxonomy":"product_tag","embeddable":true,"href":"https:\/\/projederi.com.tr\/index.php?rest_route=%2Fwp%2Fv2%2Fproduct_tag&post=886"}],"curies":[{"name":"wp","href":"https:\/\/api.w.org\/{rel}","templated":true}]}}