{"id":2207,"date":"2025-04-21T14:48:32","date_gmt":"2025-04-21T11:48:32","guid":{"rendered":"https:\/\/projederi.com.tr\/?post_type=product&#038;p=2207"},"modified":"2025-04-24T16:09:14","modified_gmt":"2025-04-24T13:09:14","slug":"cok-amacli-kutu","status":"publish","type":"product","link":"https:\/\/projederi.com.tr\/?product=cok-amacli-kutu","title":{"rendered":"\u00c7ok Ama\u00e7l\u0131 Kutu SIMPLE"},"content":{"rendered":"<h3 class=\"\" data-start=\"170\" data-end=\"212\"><strong data-start=\"174\" data-end=\"212\">Simple \u00c7ok Ama\u00e7l\u0131 Kutu <\/strong><\/h3>\n<h3 class=\"\" data-start=\"170\" data-end=\"212\"><strong data-start=\"174\" data-end=\"212\">Sadelikte Gizli L\u00fcks<\/strong><\/h3>\n<p class=\"\" data-start=\"214\" data-end=\"359\">Zamans\u0131z tasar\u0131m, ustal\u0131kla i\u015flenmi\u015f suni deri ve detaylarda gizlenen zarafet:<br data-start=\"299\" data-end=\"302\" \/><strong data-start=\"302\" data-end=\"317\">Simple Kutu<\/strong>, ya\u015fam alan\u0131n\u0131za \u015f\u0131kl\u0131k ve d\u00fczen getirir.<\/p>\n<p class=\"\" data-start=\"363\" data-end=\"478\"><strong data-start=\"363\" data-end=\"384\">El Yap\u0131m\u0131 Kalite:<\/strong> Her bir kutu, \u00f6zenle se\u00e7ilmi\u015f deri malzeme ve ustal\u0131kla haz\u0131rlanm\u0131\u015f detaylarla hayat bulur.<\/p>\n<p class=\"\" data-start=\"481\" data-end=\"575\"><strong data-start=\"481\" data-end=\"506\">Minimal ve Sofistike:<\/strong> Fazlal\u0131klardan uzak, ama her dokunu\u015fuyla fark yaratan bir tasar\u0131m.<\/p>\n<p class=\"\" data-start=\"578\" data-end=\"697\"><strong data-start=\"578\" data-end=\"602\">\u00c7ok Ama\u00e7l\u0131 Kullan\u0131m:<\/strong> Tak\u0131lar\u0131n\u0131zdan aksesuarlar\u0131n\u0131za, \u00f6zel e\u015fyalar\u0131n\u0131zdan ofis d\u00fczeninize kadar her \u015fey i\u00e7in ideal.<\/p>\n<p class=\"\" data-start=\"699\" data-end=\"843\">Modern ya\u015fam\u0131n h\u0131z\u0131na ayak uyduran, ayn\u0131 zamanda sadeli\u011fin i\u00e7indeki l\u00fcks\u00fc yans\u0131tan bir obje.<br data-start=\"791\" data-end=\"794\" \/>G\u00f6r\u00fcnmez karma\u015fay\u0131 gizleyen bir sanat eseri gibi.<\/p>\n<p>\u0130stenilen \u00f6l\u00e7\u00fcde sipari\u015f verilebilir<\/p>\n<p><img decoding=\"async\" class=\"alignnone wp-image-1996\" src=\"http:\/\/projederi.com.tr\/wp-content\/uploads\/2025\/01\/Ekran-Resmi-2025-02-09-17.39.56-300x117.png\" alt=\"\" width=\"144\" height=\"56\" srcset=\"https:\/\/projederi.com.tr\/wp-content\/uploads\/2025\/01\/Ekran-Resmi-2025-02-09-17.39.56-300x117.png 300w, https:\/\/projederi.com.tr\/wp-content\/uploads\/2025\/01\/Ekran-Resmi-2025-02-09-17.39.56.png 692w\" sizes=\"(max-width: 144px) 100vw, 144px\" \/><\/p>\n<p>&nbsp;<\/p>\n","protected":false},"excerpt":{"rendered":"<p>Simple \u00c7ok Ama\u00e7l\u0131 Kutu Sadelikte Gizli L\u00fcks Zamans\u0131z tasar\u0131m, ustal\u0131kla i\u015flenmi\u015f suni deri ve detaylarda gizlenen zarafet:Simple Kutu, ya\u015fam alan\u0131n\u0131za \u015f\u0131kl\u0131k ve d\u00fczen getirir. El Yap\u0131m\u0131 Kalite: Her bir kutu, \u00f6zenle se\u00e7ilmi\u015f deri malzeme ve ustal\u0131kla haz\u0131rlanm\u0131\u015f detaylarla hayat bulur. Minimal ve Sofistike: Fazlal\u0131klardan uzak, ama her dokunu\u015fuyla fark yaratan bir tasar\u0131m. \u00c7ok Ama\u00e7l\u0131 Kullan\u0131m: [&hellip;]<\/p>\n","protected":false},"featured_media":2247,"template":"","meta":[],"product_brand":[],"product_cat":[74,83,45],"product_tag":[84,33,32,27,34],"class_list":{"0":"post-2207","1":"product","2":"type-product","3":"status-publish","4":"has-post-thumbnail","6":"product_cat-otel-urunleri","7":"product_cat-tekne","8":"product_cat-cok-amacli-kutu","9":"product_tag-ev","10":"product_tag-interior","11":"product_tag-office","12":"product_tag-hotellerie","13":"product_tag-tekne","15":"first","16":"instock","17":"shipping-taxable","18":"product-type-variable"},"_links":{"self":[{"href":"https:\/\/projederi.com.tr\/index.php?rest_route=\/wp\/v2\/product\/2207","targetHints":{"allow":["GET"]}}],"collection":[{"href":"https:\/\/projederi.com.tr\/index.php?rest_route=\/wp\/v2\/product"}],"about":[{"href":"https:\/\/projederi.com.tr\/index.php?rest_route=\/wp\/v2\/types\/product"}],"wp:featuredmedia":[{"embeddable":true,"href":"https:\/\/projederi.com.tr\/index.php?rest_route=\/wp\/v2\/media\/2247"}],"wp:attachment":[{"href":"https:\/\/projederi.com.tr\/index.php?rest_route=%2Fwp%2Fv2%2Fmedia&parent=2207"}],"wp:term":[{"taxonomy":"product_brand","embeddable":true,"href":"https:\/\/projederi.com.tr\/index.php?rest_route=%2Fwp%2Fv2%2Fproduct_brand&post=2207"},{"taxonomy":"product_cat","embeddable":true,"href":"https:\/\/projederi.com.tr\/index.php?rest_route=%2Fwp%2Fv2%2Fproduct_cat&post=2207"},{"taxonomy":"product_tag","embeddable":true,"href":"https:\/\/projederi.com.tr\/index.php?rest_route=%2Fwp%2Fv2%2Fproduct_tag&post=2207"}],"curies":[{"name":"wp","href":"https:\/\/api.w.org\/{rel}","templated":true}]}}