{"id":2197,"date":"2025-04-20T22:36:29","date_gmt":"2025-04-20T19:36:29","guid":{"rendered":"https:\/\/projederi.com.tr\/?post_type=product&#038;p=2197"},"modified":"2025-04-20T22:44:41","modified_gmt":"2025-04-20T19:44:41","slug":"a-4-klasor","status":"publish","type":"product","link":"https:\/\/projederi.com.tr\/?product=a-4-klasor","title":{"rendered":"A-4 Klas\u00f6r"},"content":{"rendered":"<h3 class=\"\" data-start=\"394\" data-end=\"460\"><strong data-start=\"398\" data-end=\"460\">A4 Bilgi Klas\u00f6r\u00fc <\/strong><\/h3>\n<h3 class=\"\" data-start=\"394\" data-end=\"460\"><strong data-start=\"398\" data-end=\"460\">\u015e\u0131kl\u0131\u011f\u0131n ve Profesyonelli\u011fin Sunum Hali<\/strong><\/h3>\n<p class=\"\" data-start=\"462\" data-end=\"788\">Her detay kusursuz olmal\u0131.<\/p>\n<p class=\"\" data-start=\"462\" data-end=\"788\"><strong data-start=\"505\" data-end=\"541\">Deri kaplama A4 bilgi klas\u00f6rleri<\/strong>, konuklar\u0131n\u0131za sundu\u011funuz bilgileri zarif ve d\u00fczenli bir \u015fekilde iletmenizi sa\u011flar.<\/p>\n<p class=\"\" data-start=\"792\" data-end=\"866\">A4 boyutunda i\u00e7 yerle\u015fim: bilgi sayfalar\u0131, flyer, men\u00fc ekleri i\u00e7in ideal<\/p>\n<p class=\"\" data-start=\"869\" data-end=\"909\">Suni veya hakiki deri kaplama se\u00e7ene\u011fi<\/p>\n<p class=\"\" data-start=\"912\" data-end=\"952\">\u015e\u0131k diki\u015f detaylar\u0131 ve k\u00f6\u015fe korumalar\u0131<\/p>\n<p class=\"\" data-start=\"955\" data-end=\"1016\">\u0130\u00e7 k\u0131s\u0131mda cep, lastik veya mekanizma alternatifleri<\/p>\n<p class=\"\" data-start=\"1019\" data-end=\"1065\">Kurumsal logo bask\u0131s\u0131 veya kabartma uygulamas\u0131<\/p>\n<p class=\"\" data-start=\"1067\" data-end=\"1226\">Mekan\u0131n\u0131z\u0131n \u00e7izgisine uygun renk ve doku alternatifleriyle \u00fcretilen bu klas\u00f6r, hem marka kimli\u011finizi yans\u0131t\u0131r hem de m\u00fc\u015fteri deneyimini bir \u00fcst seviyeye ta\u015f\u0131r.<\/p>\n<p class=\"\" data-start=\"1228\" data-end=\"1419\">Fine dining restoranlardan otel oda bilgi servisine, lounge alanlardan \u00f6zel kul\u00fcplere kadar geni\u015f kullan\u0131m alan\u0131.<br data-start=\"1339\" data-end=\"1342\" \/>\ud83d\udce6 Toplu al\u0131m ve ki\u015fiye \u00f6zel \u00fcretim se\u00e7enekleri i\u00e7in bizimle ileti\u015fime ge\u00e7in.<\/p>\n<p class=\"\" data-start=\"668\" data-end=\"860\">\ud83d\udd8b\ufe0f Kurumsal logolu \u00fcretim se\u00e7ene\u011fiyle markan\u0131za \u00f6zel hale getirin.<\/p>\n<p><img decoding=\"async\" class=\"alignnone wp-image-1996\" src=\"http:\/\/projederi.com.tr\/wp-content\/uploads\/2025\/01\/Ekran-Resmi-2025-02-09-17.39.56-300x117.png\" alt=\"\" width=\"144\" height=\"56\" srcset=\"https:\/\/projederi.com.tr\/wp-content\/uploads\/2025\/01\/Ekran-Resmi-2025-02-09-17.39.56-300x117.png 300w, https:\/\/projederi.com.tr\/wp-content\/uploads\/2025\/01\/Ekran-Resmi-2025-02-09-17.39.56.png 692w\" sizes=\"(max-width: 144px) 100vw, 144px\" \/><\/p>\n<p>&nbsp;<\/p>\n","protected":false},"excerpt":{"rendered":"<p>A4 Bilgi Klas\u00f6r\u00fc \u015e\u0131kl\u0131\u011f\u0131n ve Profesyonelli\u011fin Sunum Hali Her detay kusursuz olmal\u0131. Deri kaplama A4 bilgi klas\u00f6rleri, konuklar\u0131n\u0131za sundu\u011funuz bilgileri zarif ve d\u00fczenli bir \u015fekilde iletmenizi sa\u011flar. A4 boyutunda i\u00e7 yerle\u015fim: bilgi sayfalar\u0131, flyer, men\u00fc ekleri i\u00e7in ideal Suni veya hakiki deri kaplama se\u00e7ene\u011fi \u015e\u0131k diki\u015f detaylar\u0131 ve k\u00f6\u015fe korumalar\u0131 \u0130\u00e7 k\u0131s\u0131mda cep, lastik veya [&hellip;]<\/p>\n","protected":false},"featured_media":2205,"template":"","meta":[],"product_brand":[],"product_cat":[74],"product_tag":[84,33,32,27,34],"class_list":{"0":"post-2197","1":"product","2":"type-product","3":"status-publish","4":"has-post-thumbnail","6":"product_cat-otel-urunleri","7":"product_tag-ev","8":"product_tag-interior","9":"product_tag-office","10":"product_tag-hotellerie","11":"product_tag-tekne","13":"first","14":"instock","15":"shipping-taxable","16":"purchasable","17":"product-type-variable"},"_links":{"self":[{"href":"https:\/\/projederi.com.tr\/index.php?rest_route=\/wp\/v2\/product\/2197","targetHints":{"allow":["GET"]}}],"collection":[{"href":"https:\/\/projederi.com.tr\/index.php?rest_route=\/wp\/v2\/product"}],"about":[{"href":"https:\/\/projederi.com.tr\/index.php?rest_route=\/wp\/v2\/types\/product"}],"wp:featuredmedia":[{"embeddable":true,"href":"https:\/\/projederi.com.tr\/index.php?rest_route=\/wp\/v2\/media\/2205"}],"wp:attachment":[{"href":"https:\/\/projederi.com.tr\/index.php?rest_route=%2Fwp%2Fv2%2Fmedia&parent=2197"}],"wp:term":[{"taxonomy":"product_brand","embeddable":true,"href":"https:\/\/projederi.com.tr\/index.php?rest_route=%2Fwp%2Fv2%2Fproduct_brand&post=2197"},{"taxonomy":"product_cat","embeddable":true,"href":"https:\/\/projederi.com.tr\/index.php?rest_route=%2Fwp%2Fv2%2Fproduct_cat&post=2197"},{"taxonomy":"product_tag","embeddable":true,"href":"https:\/\/projederi.com.tr\/index.php?rest_route=%2Fwp%2Fv2%2Fproduct_tag&post=2197"}],"curies":[{"name":"wp","href":"https:\/\/api.w.org\/{rel}","templated":true}]}}