{"id":2188,"date":"2025-04-20T22:30:30","date_gmt":"2025-04-20T19:30:30","guid":{"rendered":"https:\/\/projederi.com.tr\/?post_type=product&#038;p=2188"},"modified":"2025-04-20T22:34:59","modified_gmt":"2025-04-20T19:34:59","slug":"laundry-organizer","status":"publish","type":"product","link":"https:\/\/projederi.com.tr\/?product=laundry-organizer","title":{"rendered":"Laundry Organizer"},"content":{"rendered":"<p class=\"\" data-start=\"668\" data-end=\"860\"><strong data-start=\"391\" data-end=\"417\">Deri laundry organizer<\/strong>, otel odalar\u0131na hem estetik hem de i\u015flevsel bir \u00e7\u00f6z\u00fcm getirir. Zarif tasar\u0131m\u0131 ve kaliteli deri kaplamas\u0131yla \u00e7ama\u015f\u0131r toplama i\u015flemini dahi ayr\u0131cal\u0131kl\u0131 bir deneyime d\u00f6n\u00fc\u015ft\u00fcr\u00fcr.<\/p>\n<p class=\"\" data-start=\"668\" data-end=\"860\">Her detay\u0131 \u00f6zenle d\u00fc\u015f\u00fcn\u00fclm\u00fc\u015f bu \u00f6zel par\u00e7a, d\u00fczenli bir g\u00f6r\u00fcn\u00fcm sa\u011flarken odan\u0131n genel dekorasyonuna da kusursuz bir uyum sunar.<\/p>\n<p class=\"\" data-start=\"668\" data-end=\"860\">Suite odalardan villalara kadar t\u00fcm l\u00fcks konaklama birimlerine prestij katar. Fonksiyonelli\u011fi zarafetle bulu\u015fturan bu organizer, markan\u0131z\u0131n kalite anlay\u0131\u015f\u0131n\u0131 yans\u0131t\u0131r.<\/p>\n<p class=\"\" data-start=\"668\" data-end=\"860\">Toplu al\u0131m, \u00f6zel \u00f6l\u00e7\u00fc ve renk se\u00e7enekleri i\u00e7in bizimle ileti\u015fime ge\u00e7in<strong data-start=\"1136\" data-end=\"1211\">.<\/strong><br data-start=\"1211\" data-end=\"1214\" \/>\ud83d\udd8b\ufe0f Kurumsal logolu \u00fcretim se\u00e7ene\u011fiyle markan\u0131za \u00f6zel hale getirin.<\/p>\n<p><img decoding=\"async\" class=\"alignnone wp-image-1996\" src=\"http:\/\/projederi.com.tr\/wp-content\/uploads\/2025\/01\/Ekran-Resmi-2025-02-09-17.39.56-300x117.png\" alt=\"\" width=\"144\" height=\"56\" srcset=\"https:\/\/projederi.com.tr\/wp-content\/uploads\/2025\/01\/Ekran-Resmi-2025-02-09-17.39.56-300x117.png 300w, https:\/\/projederi.com.tr\/wp-content\/uploads\/2025\/01\/Ekran-Resmi-2025-02-09-17.39.56.png 692w\" sizes=\"(max-width: 144px) 100vw, 144px\" \/><\/p>\n<p>&nbsp;<\/p>\n","protected":false},"excerpt":{"rendered":"<p>Deri laundry organizer, otel odalar\u0131na hem estetik hem de i\u015flevsel bir \u00e7\u00f6z\u00fcm getirir. Zarif tasar\u0131m\u0131 ve kaliteli deri kaplamas\u0131yla \u00e7ama\u015f\u0131r toplama i\u015flemini dahi ayr\u0131cal\u0131kl\u0131 bir deneyime d\u00f6n\u00fc\u015ft\u00fcr\u00fcr. Her detay\u0131 \u00f6zenle d\u00fc\u015f\u00fcn\u00fclm\u00fc\u015f bu \u00f6zel par\u00e7a, d\u00fczenli bir g\u00f6r\u00fcn\u00fcm sa\u011flarken odan\u0131n genel dekorasyonuna da kusursuz bir uyum sunar. Suite odalardan villalara kadar t\u00fcm l\u00fcks konaklama birimlerine prestij [&hellip;]<\/p>\n","protected":false},"featured_media":2196,"template":"","meta":[],"product_brand":[],"product_cat":[74],"product_tag":[84,33,32,27,34],"class_list":{"0":"post-2188","1":"product","2":"type-product","3":"status-publish","4":"has-post-thumbnail","6":"product_cat-otel-urunleri","7":"product_tag-ev","8":"product_tag-interior","9":"product_tag-office","10":"product_tag-hotellerie","11":"product_tag-tekne","13":"first","14":"instock","15":"shipping-taxable","16":"purchasable","17":"product-type-variable"},"_links":{"self":[{"href":"https:\/\/projederi.com.tr\/index.php?rest_route=\/wp\/v2\/product\/2188","targetHints":{"allow":["GET"]}}],"collection":[{"href":"https:\/\/projederi.com.tr\/index.php?rest_route=\/wp\/v2\/product"}],"about":[{"href":"https:\/\/projederi.com.tr\/index.php?rest_route=\/wp\/v2\/types\/product"}],"wp:featuredmedia":[{"embeddable":true,"href":"https:\/\/projederi.com.tr\/index.php?rest_route=\/wp\/v2\/media\/2196"}],"wp:attachment":[{"href":"https:\/\/projederi.com.tr\/index.php?rest_route=%2Fwp%2Fv2%2Fmedia&parent=2188"}],"wp:term":[{"taxonomy":"product_brand","embeddable":true,"href":"https:\/\/projederi.com.tr\/index.php?rest_route=%2Fwp%2Fv2%2Fproduct_brand&post=2188"},{"taxonomy":"product_cat","embeddable":true,"href":"https:\/\/projederi.com.tr\/index.php?rest_route=%2Fwp%2Fv2%2Fproduct_cat&post=2188"},{"taxonomy":"product_tag","embeddable":true,"href":"https:\/\/projederi.com.tr\/index.php?rest_route=%2Fwp%2Fv2%2Fproduct_tag&post=2188"}],"curies":[{"name":"wp","href":"https:\/\/api.w.org\/{rel}","templated":true}]}}