{"id":2161,"date":"2025-04-20T22:00:52","date_gmt":"2025-04-20T19:00:52","guid":{"rendered":"https:\/\/projederi.com.tr\/?post_type=product&#038;p=2161"},"modified":"2025-04-20T22:02:16","modified_gmt":"2025-04-20T19:02:16","slug":"oval-bantli-sepet","status":"publish","type":"product","link":"https:\/\/projederi.com.tr\/?product=oval-bantli-sepet","title":{"rendered":"Oval Bantl\u0131 Sepet"},"content":{"rendered":"<h3 class=\"\" data-start=\"188\" data-end=\"237\"><strong data-start=\"192\" data-end=\"237\">Deri Sepet \u2013 L\u00fcks\u00fcn Detaylarda Gizli Hali<\/strong><\/h3>\n<p class=\"\" data-start=\"239\" data-end=\"416\">M\u00fckemmel bir d\u00fczen, zarif bir sunum ve \u00fcst\u00fcn i\u015f\u00e7ilik\u2026 <strong data-start=\"293\" data-end=\"314\">Deri sepetlerimiz<\/strong>, havlu, pe\u015ftemal ve battaniyelerinizi yaln\u0131zca saklamakla kalmaz; bulundu\u011fu alana prestij kazand\u0131r\u0131r.<\/p>\n<p class=\"\" data-start=\"418\" data-end=\"670\">Her biri \u00f6zenle \u00fcretilen bu \u00f6zel tasar\u0131m sepetler, otel odalar\u0131ndan spa alanlar\u0131na, l\u00fcks villalardan butik konaklamalara kadar her mek\u00e2na \u015f\u0131kl\u0131k katar. Zengin dokusu, modern \u00e7izgileri ve zamans\u0131z duru\u015fuyla hem fonksiyonel hem dekoratif bir \u00e7\u00f6z\u00fcm sunar.<\/p>\n<p class=\"\" data-start=\"418\" data-end=\"670\">L\u00fcks yatlar, guletler ve mega tekneler i\u00e7in \u00f6zel olarak tasarlanan bu sepetler, hem pratik hem de estetik bir \u00e7\u00f6z\u00fcmd\u00fcr. Kompakt ve hafif yap\u0131s\u0131yla kolay ta\u015f\u0131nabilir; ayn\u0131 zamanda i\u00e7 mekan ve g\u00fcverte dekorasyonuna sofistike bir dokunu\u015f katar.<\/p>\n<p>\u0130stenilen \u00f6l\u00e7\u00fcde sipari\u015f verilebilir<\/p>\n<p><img decoding=\"async\" class=\"alignnone wp-image-1996\" src=\"http:\/\/projederi.com.tr\/wp-content\/uploads\/2025\/01\/Ekran-Resmi-2025-02-09-17.39.56-300x117.png\" alt=\"\" width=\"144\" height=\"56\" srcset=\"https:\/\/projederi.com.tr\/wp-content\/uploads\/2025\/01\/Ekran-Resmi-2025-02-09-17.39.56-300x117.png 300w, https:\/\/projederi.com.tr\/wp-content\/uploads\/2025\/01\/Ekran-Resmi-2025-02-09-17.39.56.png 692w\" sizes=\"(max-width: 144px) 100vw, 144px\" \/><\/p>\n<p>&nbsp;<\/p>\n","protected":false},"excerpt":{"rendered":"<p>Deri Sepet \u2013 L\u00fcks\u00fcn Detaylarda Gizli Hali M\u00fckemmel bir d\u00fczen, zarif bir sunum ve \u00fcst\u00fcn i\u015f\u00e7ilik\u2026 Deri sepetlerimiz, havlu, pe\u015ftemal ve battaniyelerinizi yaln\u0131zca saklamakla kalmaz; bulundu\u011fu alana prestij kazand\u0131r\u0131r. Her biri \u00f6zenle \u00fcretilen bu \u00f6zel tasar\u0131m sepetler, otel odalar\u0131ndan spa alanlar\u0131na, l\u00fcks villalardan butik konaklamalara kadar her mek\u00e2na \u015f\u0131kl\u0131k katar. Zengin dokusu, modern \u00e7izgileri ve [&hellip;]<\/p>\n","protected":false},"featured_media":2168,"template":"","meta":[],"product_brand":[],"product_cat":[74,79,83],"product_tag":[84,33,32,27,34],"class_list":{"0":"post-2161","1":"product","2":"type-product","3":"status-publish","4":"has-post-thumbnail","6":"product_cat-otel-urunleri","7":"product_cat-sepetler","8":"product_cat-tekne","9":"product_tag-ev","10":"product_tag-interior","11":"product_tag-office","12":"product_tag-hotellerie","13":"product_tag-tekne","15":"first","16":"instock","17":"shipping-taxable","18":"purchasable","19":"product-type-variable"},"_links":{"self":[{"href":"https:\/\/projederi.com.tr\/index.php?rest_route=\/wp\/v2\/product\/2161","targetHints":{"allow":["GET"]}}],"collection":[{"href":"https:\/\/projederi.com.tr\/index.php?rest_route=\/wp\/v2\/product"}],"about":[{"href":"https:\/\/projederi.com.tr\/index.php?rest_route=\/wp\/v2\/types\/product"}],"wp:featuredmedia":[{"embeddable":true,"href":"https:\/\/projederi.com.tr\/index.php?rest_route=\/wp\/v2\/media\/2168"}],"wp:attachment":[{"href":"https:\/\/projederi.com.tr\/index.php?rest_route=%2Fwp%2Fv2%2Fmedia&parent=2161"}],"wp:term":[{"taxonomy":"product_brand","embeddable":true,"href":"https:\/\/projederi.com.tr\/index.php?rest_route=%2Fwp%2Fv2%2Fproduct_brand&post=2161"},{"taxonomy":"product_cat","embeddable":true,"href":"https:\/\/projederi.com.tr\/index.php?rest_route=%2Fwp%2Fv2%2Fproduct_cat&post=2161"},{"taxonomy":"product_tag","embeddable":true,"href":"https:\/\/projederi.com.tr\/index.php?rest_route=%2Fwp%2Fv2%2Fproduct_tag&post=2161"}],"curies":[{"name":"wp","href":"https:\/\/api.w.org\/{rel}","templated":true}]}}