{"id":2082,"date":"2025-02-19T23:54:53","date_gmt":"2025-02-19T20:54:53","guid":{"rendered":"http:\/\/projederi.com.tr\/?post_type=product&#038;p=2082"},"modified":"2025-04-20T21:17:40","modified_gmt":"2025-04-20T18:17:40","slug":"catal-ve-bicaklik","status":"publish","type":"product","link":"https:\/\/projederi.com.tr\/?product=catal-ve-bicaklik","title":{"rendered":"\u00c7atal ve B\u0131\u00e7akl\u0131k"},"content":{"rendered":"<p>Tam anlam\u0131yla m\u00fckemmel tasar\u0131ma sahip \u00e7atal ve b\u0131\u00e7akl\u0131lar, sofralar\u0131n\u0131zda hem \u015f\u0131kl\u0131\u011f\u0131 hem de i\u015flevselli\u011fi bir araya getiriyor.<\/p>\n<p>\u015e\u0131kl\u0131\u011f\u0131 ve kaliteyi bir araya getiren bu \u00f6zel tasar\u0131m, ya\u015fam alanlar\u0131n\u0131za sofistike bir dokunu\u015f katar.<\/p>\n<p>Suni deri<\/p>\n<p>\u0130\u00e7 i\u00e7e ge\u00e7en iki ayr\u0131 kutu<\/p>\n<p>\u00d6l\u00e7\u00fc : 18x13x13<\/p>\n<p>6 adet b\u00f6lme<\/p>\n<p>\u0130stenilen \u00f6l\u00e7\u00fcde sipari\u015f verilebilir<\/p>\n<p><img decoding=\"async\" class=\"alignnone wp-image-1996\" src=\"http:\/\/projederi.com.tr\/wp-content\/uploads\/2025\/01\/Ekran-Resmi-2025-02-09-17.39.56-300x117.png\" alt=\"\" width=\"144\" height=\"56\" srcset=\"https:\/\/projederi.com.tr\/wp-content\/uploads\/2025\/01\/Ekran-Resmi-2025-02-09-17.39.56-300x117.png 300w, https:\/\/projederi.com.tr\/wp-content\/uploads\/2025\/01\/Ekran-Resmi-2025-02-09-17.39.56.png 692w\" sizes=\"(max-width: 144px) 100vw, 144px\" \/><\/p>\n<p>&nbsp;<\/p>\n","protected":false},"excerpt":{"rendered":"<p>Tam anlam\u0131yla m\u00fckemmel tasar\u0131ma sahip \u00e7atal ve b\u0131\u00e7akl\u0131lar, sofralar\u0131n\u0131zda hem \u015f\u0131kl\u0131\u011f\u0131 hem de i\u015flevselli\u011fi bir araya getiriyor. \u015e\u0131kl\u0131\u011f\u0131 ve kaliteyi bir araya getiren bu \u00f6zel tasar\u0131m, ya\u015fam alanlar\u0131n\u0131za sofistike bir dokunu\u015f katar. Suni deri \u0130\u00e7 i\u00e7e ge\u00e7en iki ayr\u0131 kutu \u00d6l\u00e7\u00fc : 18x13x13 6 adet b\u00f6lme \u0130stenilen \u00f6l\u00e7\u00fcde sipari\u015f verilebilir &nbsp;<\/p>\n","protected":false},"featured_media":2090,"template":"","meta":[],"product_brand":[],"product_cat":[82,81,74,83],"product_tag":[84,33,32,27,34],"class_list":{"0":"post-2082","1":"product","2":"type-product","3":"status-publish","4":"has-post-thumbnail","6":"product_cat-catal-bicaklik","7":"product_cat-masa-ustu","8":"product_cat-otel-urunleri","9":"product_cat-tekne","10":"product_tag-ev","11":"product_tag-interior","12":"product_tag-office","13":"product_tag-hotellerie","14":"product_tag-tekne","16":"first","17":"instock","18":"shipping-taxable","19":"purchasable","20":"product-type-variable"},"_links":{"self":[{"href":"https:\/\/projederi.com.tr\/index.php?rest_route=\/wp\/v2\/product\/2082","targetHints":{"allow":["GET"]}}],"collection":[{"href":"https:\/\/projederi.com.tr\/index.php?rest_route=\/wp\/v2\/product"}],"about":[{"href":"https:\/\/projederi.com.tr\/index.php?rest_route=\/wp\/v2\/types\/product"}],"wp:featuredmedia":[{"embeddable":true,"href":"https:\/\/projederi.com.tr\/index.php?rest_route=\/wp\/v2\/media\/2090"}],"wp:attachment":[{"href":"https:\/\/projederi.com.tr\/index.php?rest_route=%2Fwp%2Fv2%2Fmedia&parent=2082"}],"wp:term":[{"taxonomy":"product_brand","embeddable":true,"href":"https:\/\/projederi.com.tr\/index.php?rest_route=%2Fwp%2Fv2%2Fproduct_brand&post=2082"},{"taxonomy":"product_cat","embeddable":true,"href":"https:\/\/projederi.com.tr\/index.php?rest_route=%2Fwp%2Fv2%2Fproduct_cat&post=2082"},{"taxonomy":"product_tag","embeddable":true,"href":"https:\/\/projederi.com.tr\/index.php?rest_route=%2Fwp%2Fv2%2Fproduct_tag&post=2082"}],"curies":[{"name":"wp","href":"https:\/\/api.w.org\/{rel}","templated":true}]}}