{"id":1901,"date":"2025-01-05T14:55:47","date_gmt":"2025-01-05T14:55:47","guid":{"rendered":"http:\/\/projederi.com.tr\/?post_type=product&#038;p=1901"},"modified":"2025-02-09T20:39:39","modified_gmt":"2025-02-09T20:39:39","slug":"deri-ikram-tepsisi","status":"publish","type":"product","link":"https:\/\/projederi.com.tr\/?product=deri-ikram-tepsisi","title":{"rendered":"Deri \u0130kram Tepsisi"},"content":{"rendered":"<p>Misafirlerinize sunaca\u011f\u0131n\u0131z hizmetin en \u015f\u0131k ve zarif detaylar\u0131ndan biri olan deri ikram tepsimiz, el i\u015f\u00e7ili\u011finin ve ustal\u0131\u011f\u0131n \u00f6ne \u00e7\u0131kt\u0131\u011f\u0131 e\u015fsiz bir tasar\u0131mla kar\u015f\u0131n\u0131zda.<\/p>\n<p>Her biri \u00f6zenle \u00fcretilen bu tepsi, oteller, restoranlar, tekne ve evlerinizde ikram deneyiminizi l\u00fcks bir dokunu\u015fla ta\u00e7land\u0131r\u0131yor.<\/p>\n<p>&nbsp;<\/p>\n<p><img decoding=\"async\" class=\"alignnone wp-image-1996\" src=\"http:\/\/projederi.com.tr\/wp-content\/uploads\/2025\/01\/Ekran-Resmi-2025-02-09-17.39.56-300x117.png\" alt=\"\" width=\"141\" height=\"55\" srcset=\"https:\/\/projederi.com.tr\/wp-content\/uploads\/2025\/01\/Ekran-Resmi-2025-02-09-17.39.56-300x117.png 300w, https:\/\/projederi.com.tr\/wp-content\/uploads\/2025\/01\/Ekran-Resmi-2025-02-09-17.39.56.png 692w\" sizes=\"(max-width: 141px) 100vw, 141px\" \/><\/p>\n","protected":false},"excerpt":{"rendered":"<p>Misafirlerinize sunaca\u011f\u0131n\u0131z hizmetin en \u015f\u0131k ve zarif detaylar\u0131ndan biri olan deri ikram tepsimiz, el i\u015f\u00e7ili\u011finin ve ustal\u0131\u011f\u0131n \u00f6ne \u00e7\u0131kt\u0131\u011f\u0131 e\u015fsiz bir tasar\u0131mla kar\u015f\u0131n\u0131zda. Her biri \u00f6zenle \u00fcretilen bu tepsi, oteller, restoranlar, tekne ve evlerinizde ikram deneyiminizi l\u00fcks bir dokunu\u015fla ta\u00e7land\u0131r\u0131yor. &nbsp;<\/p>\n","protected":false},"featured_media":1908,"template":"","meta":[],"product_brand":[],"product_cat":[50,74,51],"product_tag":[84,32,27,34],"class_list":{"0":"post-1901","1":"product","2":"type-product","3":"status-publish","4":"has-post-thumbnail","6":"product_cat-ofis-urunleri","7":"product_cat-otel-urunleri","8":"product_cat-tepsi","9":"product_tag-ev","10":"product_tag-office","11":"product_tag-hotellerie","12":"product_tag-tekne","14":"first","15":"instock","16":"shipping-taxable","17":"purchasable","18":"product-type-variable"},"_links":{"self":[{"href":"https:\/\/projederi.com.tr\/index.php?rest_route=\/wp\/v2\/product\/1901","targetHints":{"allow":["GET"]}}],"collection":[{"href":"https:\/\/projederi.com.tr\/index.php?rest_route=\/wp\/v2\/product"}],"about":[{"href":"https:\/\/projederi.com.tr\/index.php?rest_route=\/wp\/v2\/types\/product"}],"wp:featuredmedia":[{"embeddable":true,"href":"https:\/\/projederi.com.tr\/index.php?rest_route=\/wp\/v2\/media\/1908"}],"wp:attachment":[{"href":"https:\/\/projederi.com.tr\/index.php?rest_route=%2Fwp%2Fv2%2Fmedia&parent=1901"}],"wp:term":[{"taxonomy":"product_brand","embeddable":true,"href":"https:\/\/projederi.com.tr\/index.php?rest_route=%2Fwp%2Fv2%2Fproduct_brand&post=1901"},{"taxonomy":"product_cat","embeddable":true,"href":"https:\/\/projederi.com.tr\/index.php?rest_route=%2Fwp%2Fv2%2Fproduct_cat&post=1901"},{"taxonomy":"product_tag","embeddable":true,"href":"https:\/\/projederi.com.tr\/index.php?rest_route=%2Fwp%2Fv2%2Fproduct_tag&post=1901"}],"curies":[{"name":"wp","href":"https:\/\/api.w.org\/{rel}","templated":true}]}}