{"id":1883,"date":"2025-01-05T14:44:26","date_gmt":"2025-01-05T14:44:26","guid":{"rendered":"http:\/\/projederi.com.tr\/?post_type=product&#038;p=1883"},"modified":"2025-04-20T21:20:56","modified_gmt":"2025-04-20T18:20:56","slug":"deri-servis-tepsi","status":"publish","type":"product","link":"https:\/\/projederi.com.tr\/?product=deri-servis-tepsi","title":{"rendered":"Deri Servis Tepsisi"},"content":{"rendered":"<p>Her detay\u0131yla \u00f6zen ve kaliteyi yans\u0131tan deri servis tepsimiz, hem g\u00f6rsel hem de fonksiyonel a\u00e7\u0131dan mekan\u0131n\u0131za de\u011fer katacakt\u0131r. Misafirlerinize sundu\u011funuz her servis, bu \u00f6zel tasar\u0131m tepsi sayesinde bir sanat eserine d\u00f6n\u00fc\u015fecek. Siz de mekan\u0131n\u0131za bu zarif dokunu\u015fu ekleyerek, l\u00fcks\u00fc en ince ayr\u0131nt\u0131s\u0131nda ya\u015fat\u0131n!<\/p>\n<p>B\u00fcy\u00fck boy \u00f6l\u00e7\u00fc : 38&#215;47 cm<\/p>\n<p>K\u00fc\u00e7\u00fck boy \u00f6l\u00e7\u00fc : 25&#215;45 cm<\/p>\n<p>Suni deri<\/p>\n<p><img decoding=\"async\" class=\"alignnone wp-image-1996\" src=\"http:\/\/projederi.com.tr\/wp-content\/uploads\/2025\/01\/Ekran-Resmi-2025-02-09-17.39.56-300x117.png\" alt=\"\" width=\"144\" height=\"56\" srcset=\"https:\/\/projederi.com.tr\/wp-content\/uploads\/2025\/01\/Ekran-Resmi-2025-02-09-17.39.56-300x117.png 300w, https:\/\/projederi.com.tr\/wp-content\/uploads\/2025\/01\/Ekran-Resmi-2025-02-09-17.39.56.png 692w\" sizes=\"(max-width: 144px) 100vw, 144px\" \/><\/p>\n","protected":false},"excerpt":{"rendered":"<p>Her detay\u0131yla \u00f6zen ve kaliteyi yans\u0131tan deri servis tepsimiz, hem g\u00f6rsel hem de fonksiyonel a\u00e7\u0131dan mekan\u0131n\u0131za de\u011fer katacakt\u0131r. Misafirlerinize sundu\u011funuz her servis, bu \u00f6zel tasar\u0131m tepsi sayesinde bir sanat eserine d\u00f6n\u00fc\u015fecek. Siz de mekan\u0131n\u0131za bu zarif dokunu\u015fu ekleyerek, l\u00fcks\u00fc en ince ayr\u0131nt\u0131s\u0131nda ya\u015fat\u0131n! B\u00fcy\u00fck boy \u00f6l\u00e7\u00fc : 38&#215;47 cm K\u00fc\u00e7\u00fck boy \u00f6l\u00e7\u00fc : 25&#215;45 cm [&hellip;]<\/p>\n","protected":false},"featured_media":1895,"template":"","meta":[],"product_brand":[],"product_cat":[51],"product_tag":[33,32,27,34],"class_list":{"0":"post-1883","1":"product","2":"type-product","3":"status-publish","4":"has-post-thumbnail","6":"product_cat-tepsi","7":"product_tag-interior","8":"product_tag-office","9":"product_tag-hotellerie","10":"product_tag-tekne","12":"first","13":"instock","14":"shipping-taxable","15":"purchasable","16":"product-type-variable"},"_links":{"self":[{"href":"https:\/\/projederi.com.tr\/index.php?rest_route=\/wp\/v2\/product\/1883","targetHints":{"allow":["GET"]}}],"collection":[{"href":"https:\/\/projederi.com.tr\/index.php?rest_route=\/wp\/v2\/product"}],"about":[{"href":"https:\/\/projederi.com.tr\/index.php?rest_route=\/wp\/v2\/types\/product"}],"wp:featuredmedia":[{"embeddable":true,"href":"https:\/\/projederi.com.tr\/index.php?rest_route=\/wp\/v2\/media\/1895"}],"wp:attachment":[{"href":"https:\/\/projederi.com.tr\/index.php?rest_route=%2Fwp%2Fv2%2Fmedia&parent=1883"}],"wp:term":[{"taxonomy":"product_brand","embeddable":true,"href":"https:\/\/projederi.com.tr\/index.php?rest_route=%2Fwp%2Fv2%2Fproduct_brand&post=1883"},{"taxonomy":"product_cat","embeddable":true,"href":"https:\/\/projederi.com.tr\/index.php?rest_route=%2Fwp%2Fv2%2Fproduct_cat&post=1883"},{"taxonomy":"product_tag","embeddable":true,"href":"https:\/\/projederi.com.tr\/index.php?rest_route=%2Fwp%2Fv2%2Fproduct_tag&post=1883"}],"curies":[{"name":"wp","href":"https:\/\/api.w.org\/{rel}","templated":true}]}}