{"id":1872,"date":"2025-01-05T14:41:54","date_gmt":"2025-01-05T14:41:54","guid":{"rendered":"http:\/\/projederi.com.tr\/?post_type=product&#038;p=1872"},"modified":"2025-02-09T14:47:18","modified_gmt":"2025-02-09T14:47:18","slug":"buklet-kutu","status":"publish","type":"product","link":"https:\/\/projederi.com.tr\/?product=buklet-kutu","title":{"rendered":"Buklet Kutu"},"content":{"rendered":"<p>\u00dcr\u00fcnlerinizin zarafetini ve kalitesini yans\u0131tacak, \u00f6zenle tasarlanm\u0131\u015f el yap\u0131m\u0131 buklet \u00fcr\u00fcn kutumuz, markan\u0131z\u0131n hikayesini prestijli bir \u015fekilde sunman\u0131z i\u00e7in ideal bir ara\u00e7t\u0131r.<\/p>\n<p>Her detay\u0131nda ustal\u0131k ve incelik bar\u0131nd\u0131ran bu kutu, buklet \u00fcr\u00fcnlerinize \u015f\u0131k bir ev sahipli\u011fi yapar.<\/p>\n<p>&nbsp;<\/p>\n<p><img decoding=\"async\" class=\"alignnone  wp-image-1996\" src=\"http:\/\/projederi.com.tr\/wp-content\/uploads\/2025\/01\/Ekran-Resmi-2025-02-09-17.39.56-300x117.png\" alt=\"\" width=\"139\" height=\"54\" srcset=\"https:\/\/projederi.com.tr\/wp-content\/uploads\/2025\/01\/Ekran-Resmi-2025-02-09-17.39.56-300x117.png 300w, https:\/\/projederi.com.tr\/wp-content\/uploads\/2025\/01\/Ekran-Resmi-2025-02-09-17.39.56.png 692w\" sizes=\"(max-width: 139px) 100vw, 139px\" \/><\/p>\n<p>&nbsp;<\/p>\n","protected":false},"excerpt":{"rendered":"<p>\u00dcr\u00fcnlerinizin zarafetini ve kalitesini yans\u0131tacak, \u00f6zenle tasarlanm\u0131\u015f el yap\u0131m\u0131 buklet \u00fcr\u00fcn kutumuz, markan\u0131z\u0131n hikayesini prestijli bir \u015fekilde sunman\u0131z i\u00e7in ideal bir ara\u00e7t\u0131r. Her detay\u0131nda ustal\u0131k ve incelik bar\u0131nd\u0131ran bu kutu, buklet \u00fcr\u00fcnlerinize \u015f\u0131k bir ev sahipli\u011fi yapar. &nbsp; &nbsp;<\/p>\n","protected":false},"featured_media":1880,"template":"","meta":[],"product_brand":[],"product_cat":[74,45],"product_tag":[32,27],"class_list":{"0":"post-1872","1":"product","2":"type-product","3":"status-publish","4":"has-post-thumbnail","6":"product_cat-otel-urunleri","7":"product_cat-cok-amacli-kutu","8":"product_tag-office","9":"product_tag-hotellerie","11":"first","12":"instock","13":"shipping-taxable","14":"purchasable","15":"product-type-variable"},"_links":{"self":[{"href":"https:\/\/projederi.com.tr\/index.php?rest_route=\/wp\/v2\/product\/1872","targetHints":{"allow":["GET"]}}],"collection":[{"href":"https:\/\/projederi.com.tr\/index.php?rest_route=\/wp\/v2\/product"}],"about":[{"href":"https:\/\/projederi.com.tr\/index.php?rest_route=\/wp\/v2\/types\/product"}],"wp:featuredmedia":[{"embeddable":true,"href":"https:\/\/projederi.com.tr\/index.php?rest_route=\/wp\/v2\/media\/1880"}],"wp:attachment":[{"href":"https:\/\/projederi.com.tr\/index.php?rest_route=%2Fwp%2Fv2%2Fmedia&parent=1872"}],"wp:term":[{"taxonomy":"product_brand","embeddable":true,"href":"https:\/\/projederi.com.tr\/index.php?rest_route=%2Fwp%2Fv2%2Fproduct_brand&post=1872"},{"taxonomy":"product_cat","embeddable":true,"href":"https:\/\/projederi.com.tr\/index.php?rest_route=%2Fwp%2Fv2%2Fproduct_cat&post=1872"},{"taxonomy":"product_tag","embeddable":true,"href":"https:\/\/projederi.com.tr\/index.php?rest_route=%2Fwp%2Fv2%2Fproduct_tag&post=1872"}],"curies":[{"name":"wp","href":"https:\/\/api.w.org\/{rel}","templated":true}]}}