{"id":1861,"date":"2025-01-05T14:39:54","date_gmt":"2025-01-05T14:39:54","guid":{"rendered":"http:\/\/projederi.com.tr\/?post_type=product&#038;p=1861"},"modified":"2025-02-09T14:49:55","modified_gmt":"2025-02-09T14:49:55","slug":"ayakkabi-kutusu","status":"publish","type":"product","link":"https:\/\/projederi.com.tr\/?product=ayakkabi-kutusu","title":{"rendered":"Ayakkab\u0131 Kutusu"},"content":{"rendered":"<p>Ayakkab\u0131lar\u0131n\u0131z\u0131n \u015f\u0131kl\u0131\u011f\u0131n\u0131 ve bak\u0131m\u0131n\u0131 \u00f6n planda tutan bu \u00f6zel tasar\u0131m \u00fcr\u00fcn, hem ayakkab\u0131lar\u0131n\u0131z\u0131 g\u00fcvenle saklaman\u0131z\u0131 hem de bak\u0131m malzemelerinizi d\u00fczenli bir \u015fekilde muhafaza etmenizi sa\u011flar.<\/p>\n<p>Estetik ve fonksiyonelli\u011fi bir araya getiren bu kutu, ya\u015fam alan\u0131n\u0131za modern ve l\u00fcks bir dokunu\u015f katar.<\/p>\n<p>&nbsp;<\/p>\n<p><img decoding=\"async\" class=\"alignnone  wp-image-1996\" src=\"http:\/\/projederi.com.tr\/wp-content\/uploads\/2025\/01\/Ekran-Resmi-2025-02-09-17.39.56-300x117.png\" alt=\"\" width=\"123\" height=\"48\" srcset=\"https:\/\/projederi.com.tr\/wp-content\/uploads\/2025\/01\/Ekran-Resmi-2025-02-09-17.39.56-300x117.png 300w, https:\/\/projederi.com.tr\/wp-content\/uploads\/2025\/01\/Ekran-Resmi-2025-02-09-17.39.56.png 692w\" sizes=\"(max-width: 123px) 100vw, 123px\" \/><\/p>\n","protected":false},"excerpt":{"rendered":"<p>Ayakkab\u0131lar\u0131n\u0131z\u0131n \u015f\u0131kl\u0131\u011f\u0131n\u0131 ve bak\u0131m\u0131n\u0131 \u00f6n planda tutan bu \u00f6zel tasar\u0131m \u00fcr\u00fcn, hem ayakkab\u0131lar\u0131n\u0131z\u0131 g\u00fcvenle saklaman\u0131z\u0131 hem de bak\u0131m malzemelerinizi d\u00fczenli bir \u015fekilde muhafaza etmenizi sa\u011flar. Estetik ve fonksiyonelli\u011fi bir araya getiren bu kutu, ya\u015fam alan\u0131n\u0131za modern ve l\u00fcks bir dokunu\u015f katar. &nbsp;<\/p>\n","protected":false},"featured_media":1869,"template":"","meta":[],"product_brand":[],"product_cat":[74,45],"product_tag":[32,27],"class_list":{"0":"post-1861","1":"product","2":"type-product","3":"status-publish","4":"has-post-thumbnail","6":"product_cat-otel-urunleri","7":"product_cat-cok-amacli-kutu","8":"product_tag-office","9":"product_tag-hotellerie","11":"first","12":"instock","13":"shipping-taxable","14":"purchasable","15":"product-type-variable"},"_links":{"self":[{"href":"https:\/\/projederi.com.tr\/index.php?rest_route=\/wp\/v2\/product\/1861","targetHints":{"allow":["GET"]}}],"collection":[{"href":"https:\/\/projederi.com.tr\/index.php?rest_route=\/wp\/v2\/product"}],"about":[{"href":"https:\/\/projederi.com.tr\/index.php?rest_route=\/wp\/v2\/types\/product"}],"wp:featuredmedia":[{"embeddable":true,"href":"https:\/\/projederi.com.tr\/index.php?rest_route=\/wp\/v2\/media\/1869"}],"wp:attachment":[{"href":"https:\/\/projederi.com.tr\/index.php?rest_route=%2Fwp%2Fv2%2Fmedia&parent=1861"}],"wp:term":[{"taxonomy":"product_brand","embeddable":true,"href":"https:\/\/projederi.com.tr\/index.php?rest_route=%2Fwp%2Fv2%2Fproduct_brand&post=1861"},{"taxonomy":"product_cat","embeddable":true,"href":"https:\/\/projederi.com.tr\/index.php?rest_route=%2Fwp%2Fv2%2Fproduct_cat&post=1861"},{"taxonomy":"product_tag","embeddable":true,"href":"https:\/\/projederi.com.tr\/index.php?rest_route=%2Fwp%2Fv2%2Fproduct_tag&post=1861"}],"curies":[{"name":"wp","href":"https:\/\/api.w.org\/{rel}","templated":true}]}}