{"id":1852,"date":"2025-01-05T14:35:23","date_gmt":"2025-01-05T14:35:23","guid":{"rendered":"http:\/\/projederi.com.tr\/?post_type=product&#038;p=1852"},"modified":"2025-02-09T14:52:49","modified_gmt":"2025-02-09T14:52:49","slug":"sac-kurutma-makine-kutusu","status":"publish","type":"product","link":"https:\/\/projederi.com.tr\/?product=sac-kurutma-makine-kutusu","title":{"rendered":"Sa\u00e7 Kurutma Makine Kutusu"},"content":{"rendered":"<p>Bu deri kapl\u0131 sa\u00e7 kurutma makinesi kutusu, modern ya\u015fam\u0131n gerektirdi\u011fi fonksiyonellik ile l\u00fcks\u00fc kusursuz bir \u015fekilde harmanl\u0131yor.<\/p>\n<p>Hem ev ortam\u0131nda hem de profesyonel alanlarda ideal kullan\u0131m sunan bu \u00fcr\u00fcn, mekan\u0131n\u0131za sofistike bir dokunu\u015f kazand\u0131r\u0131yor.<\/p>\n<p>&nbsp;<\/p>\n<p><img decoding=\"async\" class=\"alignnone  wp-image-1996\" src=\"http:\/\/projederi.com.tr\/wp-content\/uploads\/2025\/01\/Ekran-Resmi-2025-02-09-17.39.56-300x117.png\" alt=\"\" width=\"144\" height=\"56\" srcset=\"https:\/\/projederi.com.tr\/wp-content\/uploads\/2025\/01\/Ekran-Resmi-2025-02-09-17.39.56-300x117.png 300w, https:\/\/projederi.com.tr\/wp-content\/uploads\/2025\/01\/Ekran-Resmi-2025-02-09-17.39.56.png 692w\" sizes=\"(max-width: 144px) 100vw, 144px\" \/><\/p>\n","protected":false},"excerpt":{"rendered":"<p>Bu deri kapl\u0131 sa\u00e7 kurutma makinesi kutusu, modern ya\u015fam\u0131n gerektirdi\u011fi fonksiyonellik ile l\u00fcks\u00fc kusursuz bir \u015fekilde harmanl\u0131yor. Hem ev ortam\u0131nda hem de profesyonel alanlarda ideal kullan\u0131m sunan bu \u00fcr\u00fcn, mekan\u0131n\u0131za sofistike bir dokunu\u015f kazand\u0131r\u0131yor. &nbsp;<\/p>\n","protected":false},"featured_media":1860,"template":"","meta":[],"product_brand":[],"product_cat":[74,45],"product_tag":[32,27],"class_list":{"0":"post-1852","1":"product","2":"type-product","3":"status-publish","4":"has-post-thumbnail","6":"product_cat-otel-urunleri","7":"product_cat-cok-amacli-kutu","8":"product_tag-office","9":"product_tag-hotellerie","11":"first","12":"instock","13":"shipping-taxable","14":"purchasable","15":"product-type-variable"},"_links":{"self":[{"href":"https:\/\/projederi.com.tr\/index.php?rest_route=\/wp\/v2\/product\/1852","targetHints":{"allow":["GET"]}}],"collection":[{"href":"https:\/\/projederi.com.tr\/index.php?rest_route=\/wp\/v2\/product"}],"about":[{"href":"https:\/\/projederi.com.tr\/index.php?rest_route=\/wp\/v2\/types\/product"}],"wp:featuredmedia":[{"embeddable":true,"href":"https:\/\/projederi.com.tr\/index.php?rest_route=\/wp\/v2\/media\/1860"}],"wp:attachment":[{"href":"https:\/\/projederi.com.tr\/index.php?rest_route=%2Fwp%2Fv2%2Fmedia&parent=1852"}],"wp:term":[{"taxonomy":"product_brand","embeddable":true,"href":"https:\/\/projederi.com.tr\/index.php?rest_route=%2Fwp%2Fv2%2Fproduct_brand&post=1852"},{"taxonomy":"product_cat","embeddable":true,"href":"https:\/\/projederi.com.tr\/index.php?rest_route=%2Fwp%2Fv2%2Fproduct_cat&post=1852"},{"taxonomy":"product_tag","embeddable":true,"href":"https:\/\/projederi.com.tr\/index.php?rest_route=%2Fwp%2Fv2%2Fproduct_tag&post=1852"}],"curies":[{"name":"wp","href":"https:\/\/api.w.org\/{rel}","templated":true}]}}