{"id":1840,"date":"2025-01-05T14:28:12","date_gmt":"2025-01-05T14:28:12","guid":{"rendered":"http:\/\/projederi.com.tr\/?post_type=product&#038;p=1840"},"modified":"2025-04-20T21:38:22","modified_gmt":"2025-04-20T18:38:22","slug":"gozluk-kutusu","status":"publish","type":"product","link":"https:\/\/projederi.com.tr\/?product=gozluk-kutusu","title":{"rendered":"G\u00f6zl\u00fck Kutusu"},"content":{"rendered":"<p>G\u00f6zl\u00fcklerinizi \u015f\u0131kl\u0131kla korumak ve onlar\u0131n zarafetini \u00f6n plana \u00e7\u0131karmak i\u00e7in tasarlanm\u0131\u015f \u00f6zel \u00f6l\u00e7\u00fcde sipari\u015f edilebilen deri kapl\u0131 g\u00f6zl\u00fck kutumuz, e\u015fsiz tasar\u0131m\u0131 ve kaliteli i\u015f\u00e7ili\u011fiyle dikkat \u00e7ekiyor. Ki\u015fisel zevkinize ve ihtiya\u00e7lar\u0131n\u0131za uygun olarak haz\u0131rlanabilen bu kutu, g\u00f6zl\u00fcklerinizi g\u00fcvenle saklarken ayn\u0131 zamanda estetik bir sunum da sa\u011fl\u0131yor.<\/p>\n<p>&nbsp;<\/p>\n<p><img decoding=\"async\" class=\"alignnone wp-image-1996\" src=\"http:\/\/projederi.com.tr\/wp-content\/uploads\/2025\/01\/Ekran-Resmi-2025-02-09-17.39.56-300x117.png\" alt=\"\" width=\"161\" height=\"63\" srcset=\"https:\/\/projederi.com.tr\/wp-content\/uploads\/2025\/01\/Ekran-Resmi-2025-02-09-17.39.56-300x117.png 300w, https:\/\/projederi.com.tr\/wp-content\/uploads\/2025\/01\/Ekran-Resmi-2025-02-09-17.39.56.png 692w\" sizes=\"(max-width: 161px) 100vw, 161px\" \/><\/p>\n<p>&nbsp;<\/p>\n<p>&nbsp;<\/p>\n","protected":false},"excerpt":{"rendered":"<p>G\u00f6zl\u00fcklerinizi \u015f\u0131kl\u0131kla korumak ve onlar\u0131n zarafetini \u00f6n plana \u00e7\u0131karmak i\u00e7in tasarlanm\u0131\u015f \u00f6zel \u00f6l\u00e7\u00fcde sipari\u015f edilebilen deri kapl\u0131 g\u00f6zl\u00fck kutumuz, e\u015fsiz tasar\u0131m\u0131 ve kaliteli i\u015f\u00e7ili\u011fiyle dikkat \u00e7ekiyor. Ki\u015fisel zevkinize ve ihtiya\u00e7lar\u0131n\u0131za uygun olarak haz\u0131rlanabilen bu kutu, g\u00f6zl\u00fcklerinizi g\u00fcvenle saklarken ayn\u0131 zamanda estetik bir sunum da sa\u011fl\u0131yor. &nbsp; &nbsp; &nbsp;<\/p>\n","protected":false},"featured_media":1847,"template":"","meta":[],"product_brand":[],"product_cat":[76,45],"product_tag":[32,27],"class_list":{"0":"post-1840","1":"product","2":"type-product","3":"status-publish","4":"has-post-thumbnail","6":"product_cat-gozluk-kutusu","7":"product_cat-cok-amacli-kutu","8":"product_tag-office","9":"product_tag-hotellerie","11":"first","12":"instock","13":"shipping-taxable","14":"purchasable","15":"product-type-variable"},"_links":{"self":[{"href":"https:\/\/projederi.com.tr\/index.php?rest_route=\/wp\/v2\/product\/1840","targetHints":{"allow":["GET"]}}],"collection":[{"href":"https:\/\/projederi.com.tr\/index.php?rest_route=\/wp\/v2\/product"}],"about":[{"href":"https:\/\/projederi.com.tr\/index.php?rest_route=\/wp\/v2\/types\/product"}],"wp:featuredmedia":[{"embeddable":true,"href":"https:\/\/projederi.com.tr\/index.php?rest_route=\/wp\/v2\/media\/1847"}],"wp:attachment":[{"href":"https:\/\/projederi.com.tr\/index.php?rest_route=%2Fwp%2Fv2%2Fmedia&parent=1840"}],"wp:term":[{"taxonomy":"product_brand","embeddable":true,"href":"https:\/\/projederi.com.tr\/index.php?rest_route=%2Fwp%2Fv2%2Fproduct_brand&post=1840"},{"taxonomy":"product_cat","embeddable":true,"href":"https:\/\/projederi.com.tr\/index.php?rest_route=%2Fwp%2Fv2%2Fproduct_cat&post=1840"},{"taxonomy":"product_tag","embeddable":true,"href":"https:\/\/projederi.com.tr\/index.php?rest_route=%2Fwp%2Fv2%2Fproduct_tag&post=1840"}],"curies":[{"name":"wp","href":"https:\/\/api.w.org\/{rel}","templated":true}]}}