{"id":1816,"date":"2025-01-05T12:22:31","date_gmt":"2025-01-05T12:22:31","guid":{"rendered":"http:\/\/projederi.com.tr\/?post_type=product&#038;p=1816"},"modified":"2025-02-09T20:46:34","modified_gmt":"2025-02-09T20:46:34","slug":"deri-mendil-kutusu-ahsap-kasali","status":"publish","type":"product","link":"https:\/\/projederi.com.tr\/?product=deri-mendil-kutusu-ahsap-kasali","title":{"rendered":"Deri Mendil Kutusu"},"content":{"rendered":"<p>Tam anlam\u0131yla m\u00fckemmel tasar\u0131ma sahip mendil kutular\u0131m\u0131z, ya\u015fam alanlar\u0131n\u0131zda, yatak odan\u0131zda, banyonuzda ve ofisinizde hem \u015f\u0131kl\u0131\u011f\u0131 hem de i\u015flevselli\u011fi bir araya getiriyor. Vazge\u00e7ilmez bir detay olarak her ortamda yerini al\u0131r<\/p>\n<p>Yumu\u015fak dokulu kare mendil kutular\u0131m\u0131z, her t\u00fcrl\u00fc i\u00e7 mekana m\u00fckemmel uyum sa\u011flayacak geni\u015f bir renk\u00a0 yelpazesi sunar.<\/p>\n<p>\u015e\u0131kl\u0131\u011f\u0131 ve kaliteyi bir araya getiren bu \u00f6zel tasar\u0131m, ya\u015fam alanlar\u0131n\u0131za sofistike bir dokunu\u015f katar.<\/p>\n<p>Ah\u015fap kasa \u00fczeri suni deri kaplanm\u0131\u015ft\u0131r<\/p>\n<p>\u00d6l\u00e7\u00fc : 14x14x14 cm<\/p>\n<p><img decoding=\"async\" class=\"alignnone  wp-image-1996\" src=\"http:\/\/projederi.com.tr\/wp-content\/uploads\/2025\/01\/Ekran-Resmi-2025-02-09-17.39.56-300x117.png\" alt=\"\" width=\"169\" height=\"66\" srcset=\"https:\/\/projederi.com.tr\/wp-content\/uploads\/2025\/01\/Ekran-Resmi-2025-02-09-17.39.56-300x117.png 300w, https:\/\/projederi.com.tr\/wp-content\/uploads\/2025\/01\/Ekran-Resmi-2025-02-09-17.39.56.png 692w\" sizes=\"(max-width: 169px) 100vw, 169px\" \/><\/p>\n<p>&nbsp;<\/p>\n<p>&nbsp;<\/p>\n","protected":false},"excerpt":{"rendered":"<p>Tam anlam\u0131yla m\u00fckemmel tasar\u0131ma sahip mendil kutular\u0131m\u0131z, ya\u015fam alanlar\u0131n\u0131zda, yatak odan\u0131zda, banyonuzda ve ofisinizde hem \u015f\u0131kl\u0131\u011f\u0131 hem de i\u015flevselli\u011fi bir araya getiriyor. Vazge\u00e7ilmez bir detay olarak her ortamda yerini al\u0131r Yumu\u015fak dokulu kare mendil kutular\u0131m\u0131z, her t\u00fcrl\u00fc i\u00e7 mekana m\u00fckemmel uyum sa\u011flayacak geni\u015f bir renk\u00a0 yelpazesi sunar. \u015e\u0131kl\u0131\u011f\u0131 ve kaliteyi bir araya getiren bu \u00f6zel [&hellip;]<\/p>\n","protected":false},"featured_media":1825,"template":"","meta":[],"product_brand":[],"product_cat":[29,48,50,74],"product_tag":[33,32,27,34],"class_list":{"0":"post-1816","1":"product","2":"type-product","3":"status-publish","4":"has-post-thumbnail","6":"product_cat-kutular","7":"product_cat-mendil-kutusu","8":"product_cat-ofis-urunleri","9":"product_cat-otel-urunleri","10":"product_tag-interior","11":"product_tag-office","12":"product_tag-hotellerie","13":"product_tag-tekne","15":"first","16":"instock","17":"shipping-taxable","18":"purchasable","19":"product-type-variable"},"_links":{"self":[{"href":"https:\/\/projederi.com.tr\/index.php?rest_route=\/wp\/v2\/product\/1816","targetHints":{"allow":["GET"]}}],"collection":[{"href":"https:\/\/projederi.com.tr\/index.php?rest_route=\/wp\/v2\/product"}],"about":[{"href":"https:\/\/projederi.com.tr\/index.php?rest_route=\/wp\/v2\/types\/product"}],"wp:featuredmedia":[{"embeddable":true,"href":"https:\/\/projederi.com.tr\/index.php?rest_route=\/wp\/v2\/media\/1825"}],"wp:attachment":[{"href":"https:\/\/projederi.com.tr\/index.php?rest_route=%2Fwp%2Fv2%2Fmedia&parent=1816"}],"wp:term":[{"taxonomy":"product_brand","embeddable":true,"href":"https:\/\/projederi.com.tr\/index.php?rest_route=%2Fwp%2Fv2%2Fproduct_brand&post=1816"},{"taxonomy":"product_cat","embeddable":true,"href":"https:\/\/projederi.com.tr\/index.php?rest_route=%2Fwp%2Fv2%2Fproduct_cat&post=1816"},{"taxonomy":"product_tag","embeddable":true,"href":"https:\/\/projederi.com.tr\/index.php?rest_route=%2Fwp%2Fv2%2Fproduct_tag&post=1816"}],"curies":[{"name":"wp","href":"https:\/\/api.w.org\/{rel}","templated":true}]}}