{"id":1734,"date":"2024-12-21T20:55:35","date_gmt":"2024-12-21T20:55:35","guid":{"rendered":"http:\/\/projederi.com.tr\/?post_type=product&#038;p=1734"},"modified":"2025-02-09T20:51:37","modified_gmt":"2025-02-09T20:51:37","slug":"kapakli-cop-kovasi-statik-boyali","status":"publish","type":"product","link":"https:\/\/projederi.com.tr\/?product=kapakli-cop-kovasi-statik-boyali","title":{"rendered":"Deri Kapl\u0131 \u00c7\u00f6p Kovas\u0131 STAT\u0130K BOYALI"},"content":{"rendered":"<p>Metal g\u00f6vde<\/p>\n<p>Deri renk se\u00e7iminize uygun statik boyal\u0131<\/p>\n<p>D\u0131\u015f k\u0131s\u0131m ve kapak suni deri kaplama<\/p>\n<p>&nbsp;<\/p>\n<p><img decoding=\"async\" class=\"alignnone  wp-image-1996\" src=\"http:\/\/projederi.com.tr\/wp-content\/uploads\/2025\/01\/Ekran-Resmi-2025-02-09-17.39.56-300x117.png\" alt=\"\" width=\"154\" height=\"60\" srcset=\"https:\/\/projederi.com.tr\/wp-content\/uploads\/2025\/01\/Ekran-Resmi-2025-02-09-17.39.56-300x117.png 300w, https:\/\/projederi.com.tr\/wp-content\/uploads\/2025\/01\/Ekran-Resmi-2025-02-09-17.39.56.png 692w\" sizes=\"(max-width: 154px) 100vw, 154px\" \/><\/p>\n<p>&nbsp;<\/p>\n<p>&nbsp;<\/p>\n<p>&nbsp;<\/p>\n","protected":false},"excerpt":{"rendered":"<p>Metal g\u00f6vde Deri renk se\u00e7iminize uygun statik boyal\u0131 D\u0131\u015f k\u0131s\u0131m ve kapak suni deri kaplama &nbsp; &nbsp; &nbsp; &nbsp;<\/p>\n","protected":false},"featured_media":1735,"template":"","meta":[],"product_brand":[],"product_cat":[46,74],"product_tag":[32,27],"class_list":{"0":"post-1734","1":"product","2":"type-product","3":"status-publish","4":"has-post-thumbnail","6":"product_cat-cop-kovasi","7":"product_cat-otel-urunleri","8":"product_tag-office","9":"product_tag-hotellerie","11":"first","12":"outofstock","13":"shipping-taxable","14":"product-type-simple"},"_links":{"self":[{"href":"https:\/\/projederi.com.tr\/index.php?rest_route=\/wp\/v2\/product\/1734","targetHints":{"allow":["GET"]}}],"collection":[{"href":"https:\/\/projederi.com.tr\/index.php?rest_route=\/wp\/v2\/product"}],"about":[{"href":"https:\/\/projederi.com.tr\/index.php?rest_route=\/wp\/v2\/types\/product"}],"wp:featuredmedia":[{"embeddable":true,"href":"https:\/\/projederi.com.tr\/index.php?rest_route=\/wp\/v2\/media\/1735"}],"wp:attachment":[{"href":"https:\/\/projederi.com.tr\/index.php?rest_route=%2Fwp%2Fv2%2Fmedia&parent=1734"}],"wp:term":[{"taxonomy":"product_brand","embeddable":true,"href":"https:\/\/projederi.com.tr\/index.php?rest_route=%2Fwp%2Fv2%2Fproduct_brand&post=1734"},{"taxonomy":"product_cat","embeddable":true,"href":"https:\/\/projederi.com.tr\/index.php?rest_route=%2Fwp%2Fv2%2Fproduct_cat&post=1734"},{"taxonomy":"product_tag","embeddable":true,"href":"https:\/\/projederi.com.tr\/index.php?rest_route=%2Fwp%2Fv2%2Fproduct_tag&post=1734"}],"curies":[{"name":"wp","href":"https:\/\/api.w.org\/{rel}","templated":true}]}}