{"id":1721,"date":"2024-12-21T20:22:18","date_gmt":"2024-12-21T20:22:18","guid":{"rendered":"http:\/\/projederi.com.tr\/?post_type=product&#038;p=1721"},"modified":"2025-04-20T21:14:37","modified_gmt":"2025-04-20T18:14:37","slug":"geri-donusum-cop-kovasi","status":"publish","type":"product","link":"https:\/\/projederi.com.tr\/?product=geri-donusum-cop-kovasi","title":{"rendered":"Geri D\u00f6n\u00fc\u015f\u00fcm \u00c7\u00f6p Kovas\u0131"},"content":{"rendered":"<p>Metal \u00e7ift b\u00f6lmeli otel \u00e7\u00f6p kutular\u0131, hem \u015f\u0131k hem de i\u015flevsel bir \u00e7\u00f6z\u00fcm sunuyor. \u00c7\u00f6plerinizi ve geri d\u00f6n\u00fc\u015ft\u00fcr\u00fclebilir at\u0131klar\u0131n\u0131z\u0131 kolayca ay\u0131rarak \u00e7evre dostu bir yakla\u015f\u0131m\u0131 destekliyor. Otel odalar\u0131, lobi alanlar\u0131 veya ofisler gibi alanlar i\u00e7in m\u00fckemmel bir tercih.<\/p>\n<p>Metal ayr\u0131\u015f\u0131mlar\u0131n \u00e7\u0131kmas\u0131 sayesinde temizlik olduk\u00e7a kolayla\u015f\u0131yor. Bu \u00f6zellik, \u00f6zellikle yo\u011fun kullan\u0131lan otel, ofis veya ortak alanlarda hijyenik bir \u00e7\u00f6z\u00fcm sunuyor.<\/p>\n<p>D\u0131\u015f k\u0131s\u0131m mdf \u00fczeri suni deri kaplama<\/p>\n<p>\u00d6l\u00e7\u00fclerinize \u00f6zel \u00fcretim se\u00e7eneklerimizle, ihtiya\u00e7lar\u0131n\u0131za tam uyum sa\u011flayan \u00e7\u00f6z\u00fcmler sunuyoruz. Deri kaplama renk se\u00e7imlerinizi kartelalar\u0131m\u0131zdan yaparak tasar\u0131m\u0131n\u0131za estetik bir dokunu\u015f katabilirsiniz<\/p>\n<p>El yap\u0131m\u0131d\u0131r.<\/p>\n<p>&nbsp;<\/p>\n<p>&nbsp;<\/p>\n","protected":false},"excerpt":{"rendered":"<p>Metal \u00e7ift b\u00f6lmeli otel \u00e7\u00f6p kutular\u0131, hem \u015f\u0131k hem de i\u015flevsel bir \u00e7\u00f6z\u00fcm sunuyor. \u00c7\u00f6plerinizi ve geri d\u00f6n\u00fc\u015ft\u00fcr\u00fclebilir at\u0131klar\u0131n\u0131z\u0131 kolayca ay\u0131rarak \u00e7evre dostu bir yakla\u015f\u0131m\u0131 destekliyor. Otel odalar\u0131, lobi alanlar\u0131 veya ofisler gibi alanlar i\u00e7in m\u00fckemmel bir tercih. Metal ayr\u0131\u015f\u0131mlar\u0131n \u00e7\u0131kmas\u0131 sayesinde temizlik olduk\u00e7a kolayla\u015f\u0131yor. Bu \u00f6zellik, \u00f6zellikle yo\u011fun kullan\u0131lan otel, ofis veya ortak alanlarda [&hellip;]<\/p>\n","protected":false},"featured_media":1728,"template":"","meta":[],"product_brand":[],"product_cat":[46],"product_tag":[32,27],"class_list":{"0":"post-1721","1":"product","2":"type-product","3":"status-publish","4":"has-post-thumbnail","6":"product_cat-cop-kovasi","7":"product_tag-office","8":"product_tag-hotellerie","10":"first","11":"instock","12":"shipping-taxable","13":"purchasable","14":"product-type-variable"},"_links":{"self":[{"href":"https:\/\/projederi.com.tr\/index.php?rest_route=\/wp\/v2\/product\/1721","targetHints":{"allow":["GET"]}}],"collection":[{"href":"https:\/\/projederi.com.tr\/index.php?rest_route=\/wp\/v2\/product"}],"about":[{"href":"https:\/\/projederi.com.tr\/index.php?rest_route=\/wp\/v2\/types\/product"}],"wp:featuredmedia":[{"embeddable":true,"href":"https:\/\/projederi.com.tr\/index.php?rest_route=\/wp\/v2\/media\/1728"}],"wp:attachment":[{"href":"https:\/\/projederi.com.tr\/index.php?rest_route=%2Fwp%2Fv2%2Fmedia&parent=1721"}],"wp:term":[{"taxonomy":"product_brand","embeddable":true,"href":"https:\/\/projederi.com.tr\/index.php?rest_route=%2Fwp%2Fv2%2Fproduct_brand&post=1721"},{"taxonomy":"product_cat","embeddable":true,"href":"https:\/\/projederi.com.tr\/index.php?rest_route=%2Fwp%2Fv2%2Fproduct_cat&post=1721"},{"taxonomy":"product_tag","embeddable":true,"href":"https:\/\/projederi.com.tr\/index.php?rest_route=%2Fwp%2Fv2%2Fproduct_tag&post=1721"}],"curies":[{"name":"wp","href":"https:\/\/api.w.org\/{rel}","templated":true}]}}