{"id":1631,"date":"2024-12-18T10:59:08","date_gmt":"2024-12-18T10:59:08","guid":{"rendered":"http:\/\/projederi.com.tr\/?post_type=product&#038;p=1631"},"modified":"2024-12-18T11:02:26","modified_gmt":"2024-12-18T11:02:26","slug":"deri-cop-kovasi-arizona","status":"publish","type":"product","link":"https:\/\/projederi.com.tr\/?product=deri-cop-kovasi-arizona","title":{"rendered":"Deri \u00c7\u00f6p Kovas\u0131 ARIZONA"},"content":{"rendered":"<p>Suni deri<\/p>\n<p>El yap\u0131m\u0131<\/p>\n<p>&nbsp;<\/p>\n<p>&nbsp;<\/p>\n","protected":false},"excerpt":{"rendered":"<p>Suni deri El yap\u0131m\u0131 &nbsp; &nbsp;<\/p>\n","protected":false},"featured_media":1640,"template":"","meta":[],"product_brand":[],"product_cat":[46],"product_tag":[33,32,27,34],"class_list":{"0":"post-1631","1":"product","2":"type-product","3":"status-publish","4":"has-post-thumbnail","6":"product_cat-cop-kovasi","7":"product_tag-interior","8":"product_tag-office","9":"product_tag-hotellerie","10":"product_tag-tekne","12":"first","13":"instock","14":"shipping-taxable","15":"purchasable","16":"product-type-variable"},"_links":{"self":[{"href":"https:\/\/projederi.com.tr\/index.php?rest_route=\/wp\/v2\/product\/1631","targetHints":{"allow":["GET"]}}],"collection":[{"href":"https:\/\/projederi.com.tr\/index.php?rest_route=\/wp\/v2\/product"}],"about":[{"href":"https:\/\/projederi.com.tr\/index.php?rest_route=\/wp\/v2\/types\/product"}],"wp:featuredmedia":[{"embeddable":true,"href":"https:\/\/projederi.com.tr\/index.php?rest_route=\/wp\/v2\/media\/1640"}],"wp:attachment":[{"href":"https:\/\/projederi.com.tr\/index.php?rest_route=%2Fwp%2Fv2%2Fmedia&parent=1631"}],"wp:term":[{"taxonomy":"product_brand","embeddable":true,"href":"https:\/\/projederi.com.tr\/index.php?rest_route=%2Fwp%2Fv2%2Fproduct_brand&post=1631"},{"taxonomy":"product_cat","embeddable":true,"href":"https:\/\/projederi.com.tr\/index.php?rest_route=%2Fwp%2Fv2%2Fproduct_cat&post=1631"},{"taxonomy":"product_tag","embeddable":true,"href":"https:\/\/projederi.com.tr\/index.php?rest_route=%2Fwp%2Fv2%2Fproduct_tag&post=1631"}],"curies":[{"name":"wp","href":"https:\/\/api.w.org\/{rel}","templated":true}]}}