{"id":1609,"date":"2024-12-18T10:42:14","date_gmt":"2024-12-18T10:42:14","guid":{"rendered":"http:\/\/projederi.com.tr\/?post_type=product&#038;p=1609"},"modified":"2025-02-12T17:09:31","modified_gmt":"2025-02-12T14:09:31","slug":"deri-bardak-alti-yuvarlak-10lu","status":"publish","type":"product","link":"https:\/\/projederi.com.tr\/?product=deri-bardak-alti-yuvarlak-10lu","title":{"rendered":"Deri Bardak Alt\u0131 Yuvarlak 10&#8217;lu"},"content":{"rendered":"<p>Bu set, hem \u015f\u0131kl\u0131\u011f\u0131 hem de i\u015flevselli\u011fiyle dikkat \u00e7eken zarif bir tasar\u0131m sunuyor.<\/p>\n<p>Malzeme : Suni deri<\/p>\n<p>Tasar\u0131m : Zarif kenar diki\u015fleri ve p\u00fcr\u00fczs\u00fcz y\u00fczey.<\/p>\n<p>\u00d6l\u00e7\u00fc :\u00a010 cm \u00e7ap<\/p>\n<p>Renkler : Koyu vizon, ta\u015f rengi, vizon, siyah, antrasit ve tabacco<\/p>\n<p>\u0130\u00e7erik : Kutu ile beraber 10 adet bardak alt\u0131<\/p>\n<p>&nbsp;<\/p>\n<p><img decoding=\"async\" class=\"alignnone wp-image-1996\" src=\"http:\/\/projederi.com.tr\/wp-content\/uploads\/2025\/01\/Ekran-Resmi-2025-02-09-17.39.56-300x117.png\" alt=\"\" width=\"128\" height=\"50\" srcset=\"https:\/\/projederi.com.tr\/wp-content\/uploads\/2025\/01\/Ekran-Resmi-2025-02-09-17.39.56-300x117.png 300w, https:\/\/projederi.com.tr\/wp-content\/uploads\/2025\/01\/Ekran-Resmi-2025-02-09-17.39.56.png 692w\" sizes=\"(max-width: 128px) 100vw, 128px\" \/><\/p>\n","protected":false},"excerpt":{"rendered":"<p>Bu set, hem \u015f\u0131kl\u0131\u011f\u0131 hem de i\u015flevselli\u011fiyle dikkat \u00e7eken zarif bir tasar\u0131m sunuyor. Malzeme : Suni deri Tasar\u0131m : Zarif kenar diki\u015fleri ve p\u00fcr\u00fczs\u00fcz y\u00fczey. \u00d6l\u00e7\u00fc :\u00a010 cm \u00e7ap Renkler : Koyu vizon, ta\u015f rengi, vizon, siyah, antrasit ve tabacco \u0130\u00e7erik : Kutu ile beraber 10 adet bardak alt\u0131 &nbsp;<\/p>\n","protected":false},"featured_media":1617,"template":"","meta":[],"product_brand":[],"product_cat":[47,81,83],"product_tag":[33,32,27,34],"class_list":{"0":"post-1609","1":"product","2":"type-product","3":"status-publish","4":"has-post-thumbnail","6":"product_cat-deri-bardak-altligi","7":"product_cat-masa-ustu","8":"product_cat-tekne","9":"product_tag-interior","10":"product_tag-office","11":"product_tag-hotellerie","12":"product_tag-tekne","14":"first","15":"instock","16":"shipping-taxable","17":"purchasable","18":"product-type-variable"},"_links":{"self":[{"href":"https:\/\/projederi.com.tr\/index.php?rest_route=\/wp\/v2\/product\/1609","targetHints":{"allow":["GET"]}}],"collection":[{"href":"https:\/\/projederi.com.tr\/index.php?rest_route=\/wp\/v2\/product"}],"about":[{"href":"https:\/\/projederi.com.tr\/index.php?rest_route=\/wp\/v2\/types\/product"}],"wp:featuredmedia":[{"embeddable":true,"href":"https:\/\/projederi.com.tr\/index.php?rest_route=\/wp\/v2\/media\/1617"}],"wp:attachment":[{"href":"https:\/\/projederi.com.tr\/index.php?rest_route=%2Fwp%2Fv2%2Fmedia&parent=1609"}],"wp:term":[{"taxonomy":"product_brand","embeddable":true,"href":"https:\/\/projederi.com.tr\/index.php?rest_route=%2Fwp%2Fv2%2Fproduct_brand&post=1609"},{"taxonomy":"product_cat","embeddable":true,"href":"https:\/\/projederi.com.tr\/index.php?rest_route=%2Fwp%2Fv2%2Fproduct_cat&post=1609"},{"taxonomy":"product_tag","embeddable":true,"href":"https:\/\/projederi.com.tr\/index.php?rest_route=%2Fwp%2Fv2%2Fproduct_tag&post=1609"}],"curies":[{"name":"wp","href":"https:\/\/api.w.org\/{rel}","templated":true}]}}