{"id":31,"date":"2024-07-05T06:48:01","date_gmt":"2024-07-05T06:48:01","guid":{"rendered":"http:\/\/projederi.com.tr\/?page_id=31"},"modified":"2024-07-23T13:52:26","modified_gmt":"2024-07-23T13:52:26","slug":"hakkimizda","status":"publish","type":"page","link":"https:\/\/projederi.com.tr\/?page_id=31","title":{"rendered":"Hakk\u0131m\u0131zda"},"content":{"rendered":"\n<div data-wp-interactive=\"core\/file\" class=\"wp-block-file\"><object data-wp-bind--hidden=\"!state.hasPdfPreview\" hidden class=\"wp-block-file__embed\" data=\"http:\/\/projederi.com.tr\/wp-content\/uploads\/2024\/07\/PROJE-DERI.pdf\" type=\"application\/pdf\" style=\"width:100%;height:600px\" aria-label=\"PROJE DERI\u0307 g\u00f6m\u00fcs\u00fc.\"><\/object><a id=\"wp-block-file--media-e2d701f4-2d20-44a3-9c14-85bbdc63e82b\" href=\"http:\/\/projederi.com.tr\/wp-content\/uploads\/2024\/07\/PROJE-DERI.pdf\">PROJE DERI\u0307<\/a><a href=\"http:\/\/projederi.com.tr\/wp-content\/uploads\/2024\/07\/PROJE-DERI.pdf\" class=\"wp-block-file__button wp-element-button\" download aria-describedby=\"wp-block-file--media-e2d701f4-2d20-44a3-9c14-85bbdc63e82b\">Download<\/a><\/div>\n","protected":false},"excerpt":{"rendered":"","protected":false},"author":1,"featured_media":0,"parent":0,"menu_order":0,"comment_status":"closed","ping_status":"closed","template":"","meta":{"footnotes":""},"class_list":["post-31","page","type-page","status-publish","hentry"],"_links":{"self":[{"href":"https:\/\/projederi.com.tr\/index.php?rest_route=\/wp\/v2\/pages\/31","targetHints":{"allow":["GET"]}}],"collection":[{"href":"https:\/\/projederi.com.tr\/index.php?rest_route=\/wp\/v2\/pages"}],"about":[{"href":"https:\/\/projederi.com.tr\/index.php?rest_route=\/wp\/v2\/types\/page"}],"author":[{"embeddable":true,"href":"https:\/\/projederi.com.tr\/index.php?rest_route=\/wp\/v2\/users\/1"}],"replies":[{"embeddable":true,"href":"https:\/\/projederi.com.tr\/index.php?rest_route=%2Fwp%2Fv2%2Fcomments&post=31"}],"version-history":[{"count":7,"href":"https:\/\/projederi.com.tr\/index.php?rest_route=\/wp\/v2\/pages\/31\/revisions"}],"predecessor-version":[{"id":219,"href":"https:\/\/projederi.com.tr\/index.php?rest_route=\/wp\/v2\/pages\/31\/revisions\/219"}],"wp:attachment":[{"href":"https:\/\/projederi.com.tr\/index.php?rest_route=%2Fwp%2Fv2%2Fmedia&parent=31"}],"curies":[{"name":"wp","href":"https:\/\/api.w.org\/{rel}","templated":true}]}}