{"id":28,"date":"2024-07-05T06:47:26","date_gmt":"2024-07-05T06:47:26","guid":{"rendered":"http:\/\/projederi.com.tr\/?page_id=28"},"modified":"2025-01-03T09:41:31","modified_gmt":"2025-01-03T09:41:31","slug":"katalog","status":"publish","type":"page","link":"https:\/\/projederi.com.tr\/?page_id=28","title":{"rendered":"KATALOG"},"content":{"rendered":"\n<div data-wp-interactive=\"core\/file\" class=\"wp-block-file\"><object data-wp-bind--hidden=\"!state.hasPdfPreview\" hidden class=\"wp-block-file__embed\" data=\"http:\/\/projederi.com.tr\/wp-content\/uploads\/2024\/07\/PROJE-DERI.pdf\" type=\"application\/pdf\" style=\"width:100%;height:600px\" aria-label=\"PROJE DERI\u0307 g\u00f6m\u00fcs\u00fc.\"><\/object><a id=\"wp-block-file--media-235a2ef8-ffc7-4650-8aa4-89ff571194dc\" href=\"http:\/\/projederi.com.tr\/wp-content\/uploads\/2024\/07\/PROJE-DERI.pdf\">PROJE DERI\u0307<\/a><a href=\"http:\/\/projederi.com.tr\/wp-content\/uploads\/2024\/07\/PROJE-DERI.pdf\" class=\"wp-block-file__button wp-element-button\" download aria-describedby=\"wp-block-file--media-235a2ef8-ffc7-4650-8aa4-89ff571194dc\">Download<\/a><\/div>\n","protected":false},"excerpt":{"rendered":"","protected":false},"author":1,"featured_media":0,"parent":0,"menu_order":0,"comment_status":"closed","ping_status":"closed","template":"","meta":{"footnotes":""},"class_list":["post-28","page","type-page","status-publish","hentry"],"_links":{"self":[{"href":"https:\/\/projederi.com.tr\/index.php?rest_route=\/wp\/v2\/pages\/28","targetHints":{"allow":["GET"]}}],"collection":[{"href":"https:\/\/projederi.com.tr\/index.php?rest_route=\/wp\/v2\/pages"}],"about":[{"href":"https:\/\/projederi.com.tr\/index.php?rest_route=\/wp\/v2\/types\/page"}],"author":[{"embeddable":true,"href":"https:\/\/projederi.com.tr\/index.php?rest_route=\/wp\/v2\/users\/1"}],"replies":[{"embeddable":true,"href":"https:\/\/projederi.com.tr\/index.php?rest_route=%2Fwp%2Fv2%2Fcomments&post=28"}],"version-history":[{"count":10,"href":"https:\/\/projederi.com.tr\/index.php?rest_route=\/wp\/v2\/pages\/28\/revisions"}],"predecessor-version":[{"id":1802,"href":"https:\/\/projederi.com.tr\/index.php?rest_route=\/wp\/v2\/pages\/28\/revisions\/1802"}],"wp:attachment":[{"href":"https:\/\/projederi.com.tr\/index.php?rest_route=%2Fwp%2Fv2%2Fmedia&parent=28"}],"curies":[{"name":"wp","href":"https:\/\/api.w.org\/{rel}","templated":true}]}}