{"id":349,"date":"2024-08-16T13:45:16","date_gmt":"2024-08-16T13:45:16","guid":{"rendered":"http:\/\/projederi.com.tr\/?page_id=349"},"modified":"2024-12-22T10:15:11","modified_gmt":"2024-12-22T10:15:11","slug":"hotellerie-restaurant","status":"publish","type":"page","link":"http:\/\/projederi.com.tr\/?page_id=349","title":{"rendered":"Hotellerie Restaurant"},"content":{"rendered":"\t\t<div data-elementor-type=\"wp-page\" data-elementor-id=\"349\" class=\"elementor elementor-349\" data-elementor-post-type=\"page\">\n\t\t\t\t<div class=\"elementor-element elementor-element-4b7a4e9 e-flex e-con-boxed e-con e-parent\" data-id=\"4b7a4e9\" data-element_type=\"container\" data-e-type=\"container\">\n\t\t\t\t\t<div class=\"e-con-inner\">\n\t\t\t\t<div class=\"elementor-element elementor-element-84a810e elementor-widget__width-inherit elementor-widget elementor-widget-heading\" data-id=\"84a810e\" data-element_type=\"widget\" data-e-type=\"widget\" data-widget_type=\"heading.default\">\n\t\t\t\t<div class=\"elementor-widget-container\">\n\t\t\t\t\t<h2 class=\"elementor-heading-title elementor-size-default\">OTEL&amp;RESTORAN<\/h2>\t\t\t\t<\/div>\n\t\t\t\t<\/div>\n\t\t\t\t<div class=\"elementor-element elementor-element-4ac2982 elementor-widget__width-inherit elementor-widget elementor-widget-image\" data-id=\"4ac2982\" data-element_type=\"widget\" data-e-type=\"widget\" data-widget_type=\"image.default\">\n\t\t\t\t<div class=\"elementor-widget-container\">\n\t\t\t\t\t\t\t\t\t\t\t\t\t\t\t<img decoding=\"async\" src=\"http:\/\/projederi.com.tr\/wp-content\/uploads\/2024\/10\/Hotellerie-Restaurants-Collection_Pinetti-Accessories.jpg\" title=\"\" alt=\"\" loading=\"lazy\" \/>\t\t\t\t\t\t\t\t\t\t\t\t\t\t\t<\/div>\n\t\t\t\t<\/div>\n\t\t\t\t\t<\/div>\n\t\t\t\t<\/div>\n\t\t<div class=\"elementor-element elementor-element-e4524a4 e-flex e-con-boxed e-con e-parent\" data-id=\"e4524a4\" data-element_type=\"container\" data-e-type=\"container\">\n\t\t\t\t\t<div class=\"e-con-inner\">\n\t\t\t\t<div class=\"elementor-element elementor-element-8214b3b elementor-widget elementor-widget-shortcode\" data-id=\"8214b3b\" data-element_type=\"widget\" data-e-type=\"widget\" data-widget_type=\"shortcode.default\">\n\t\t\t\t<div class=\"elementor-widget-container\">\n\t\t\t\t\t\t\t<div class=\"elementor-shortcode\"><div class=\"woocommerce columns-4 \"><ul class=\"products columns-4\">\n<li class=\"product type-product post-2197 status-publish first instock product_cat-otel-urunleri product_tag-ev product_tag-interior product_tag-office product_tag-hotellerie product_tag-tekne has-post-thumbnail shipping-taxable purchasable product-type-variable\">\n\t<a href=\"http:\/\/projederi.com.tr\/?product=a-4-klasor\" class=\"woocommerce-LoopProduct-link woocommerce-loop-product__link\"><img fetchpriority=\"high\" decoding=\"async\" width=\"300\" height=\"300\" src=\"http:\/\/projederi.com.tr\/wp-content\/uploads\/2025\/04\/A46F5580-31CE-4F2D-982D-05607FCFC179_1_105_c-300x300.jpeg\" class=\"attachment-woocommerce_thumbnail size-woocommerce_thumbnail\" alt=\"A-4 Klas\u00f6r\" srcset=\"http:\/\/projederi.com.tr\/wp-content\/uploads\/2025\/04\/A46F5580-31CE-4F2D-982D-05607FCFC179_1_105_c-300x300.jpeg 300w, http:\/\/projederi.com.tr\/wp-content\/uploads\/2025\/04\/A46F5580-31CE-4F2D-982D-05607FCFC179_1_105_c-150x150.jpeg 150w, http:\/\/projederi.com.tr\/wp-content\/uploads\/2025\/04\/A46F5580-31CE-4F2D-982D-05607FCFC179_1_105_c-100x100.jpeg 100w\" sizes=\"(max-width: 300px) 100vw, 300px\" \/><h2 class=\"woocommerce-loop-product__title\">A-4 Klas\u00f6r<\/h2>\n\t<span class=\"price\"><span class=\"woocommerce-Price-amount amount\"><bdi><span class=\"woocommerce-Price-currencySymbol\">&#8378;<\/span>0,00<\/bdi><\/span><\/span>\n<\/a><\/li>\n<li class=\"product type-product post-1861 status-publish instock product_cat-otel-urunleri product_cat-cok-amacli-kutu product_tag-office product_tag-hotellerie has-post-thumbnail shipping-taxable purchasable product-type-variable\">\n\t<a href=\"http:\/\/projederi.com.tr\/?product=ayakkabi-kutusu\" class=\"woocommerce-LoopProduct-link woocommerce-loop-product__link\"><img decoding=\"async\" width=\"300\" height=\"300\" src=\"http:\/\/projederi.com.tr\/wp-content\/uploads\/2025\/01\/PD-9.27267-300x300.jpg\" class=\"attachment-woocommerce_thumbnail size-woocommerce_thumbnail\" alt=\"Ayakkab\u0131 Kutusu\" srcset=\"http:\/\/projederi.com.tr\/wp-content\/uploads\/2025\/01\/PD-9.27267-300x300.jpg 300w, http:\/\/projederi.com.tr\/wp-content\/uploads\/2025\/01\/PD-9.27267-150x150.jpg 150w, http:\/\/projederi.com.tr\/wp-content\/uploads\/2025\/01\/PD-9.27267-768x768.jpg 768w, http:\/\/projederi.com.tr\/wp-content\/uploads\/2025\/01\/PD-9.27267-100x100.jpg 100w, http:\/\/projederi.com.tr\/wp-content\/uploads\/2025\/01\/PD-9.27267.jpg 1000w\" sizes=\"(max-width: 300px) 100vw, 300px\" \/><h2 class=\"woocommerce-loop-product__title\">Ayakkab\u0131 Kutusu<\/h2>\n\t<span class=\"price\"><span class=\"woocommerce-Price-amount amount\"><bdi><span class=\"woocommerce-Price-currencySymbol\">&#8378;<\/span>0,00<\/bdi><\/span><\/span>\n<\/a><\/li>\n<li class=\"product type-product post-1872 status-publish instock product_cat-otel-urunleri product_cat-cok-amacli-kutu product_tag-office product_tag-hotellerie has-post-thumbnail shipping-taxable purchasable product-type-variable\">\n\t<a href=\"http:\/\/projederi.com.tr\/?product=buklet-kutu\" class=\"woocommerce-LoopProduct-link woocommerce-loop-product__link\"><img decoding=\"async\" width=\"300\" height=\"300\" src=\"http:\/\/projederi.com.tr\/wp-content\/uploads\/2025\/01\/PD-2-BUKLET-KUTU.27166--300x300.jpg\" class=\"attachment-woocommerce_thumbnail size-woocommerce_thumbnail\" alt=\"Buklet Kutu\" srcset=\"http:\/\/projederi.com.tr\/wp-content\/uploads\/2025\/01\/PD-2-BUKLET-KUTU.27166--300x300.jpg 300w, http:\/\/projederi.com.tr\/wp-content\/uploads\/2025\/01\/PD-2-BUKLET-KUTU.27166--150x150.jpg 150w, http:\/\/projederi.com.tr\/wp-content\/uploads\/2025\/01\/PD-2-BUKLET-KUTU.27166--768x768.jpg 768w, http:\/\/projederi.com.tr\/wp-content\/uploads\/2025\/01\/PD-2-BUKLET-KUTU.27166--100x100.jpg 100w, http:\/\/projederi.com.tr\/wp-content\/uploads\/2025\/01\/PD-2-BUKLET-KUTU.27166-.jpg 1000w\" sizes=\"(max-width: 300px) 100vw, 300px\" \/><h2 class=\"woocommerce-loop-product__title\">Buklet Kutu<\/h2>\n\t<span class=\"price\"><span class=\"woocommerce-Price-amount amount\"><bdi><span class=\"woocommerce-Price-currencySymbol\">&#8378;<\/span>0,00<\/bdi><\/span><\/span>\n<\/a><\/li>\n<li class=\"product type-product post-2082 status-publish last instock product_cat-catal-bicaklik product_cat-masa-ustu product_cat-otel-urunleri product_cat-tekne product_tag-ev product_tag-interior product_tag-office product_tag-hotellerie product_tag-tekne has-post-thumbnail shipping-taxable purchasable product-type-variable\">\n\t<a href=\"http:\/\/projederi.com.tr\/?product=catal-ve-bicaklik\" class=\"woocommerce-LoopProduct-link woocommerce-loop-product__link\"><img loading=\"lazy\" decoding=\"async\" width=\"300\" height=\"300\" src=\"http:\/\/projederi.com.tr\/wp-content\/uploads\/2025\/02\/PD-3.27257-300x300.jpg\" class=\"attachment-woocommerce_thumbnail size-woocommerce_thumbnail\" alt=\"\u00c7atal ve B\u0131\u00e7akl\u0131k\" srcset=\"http:\/\/projederi.com.tr\/wp-content\/uploads\/2025\/02\/PD-3.27257-300x300.jpg 300w, http:\/\/projederi.com.tr\/wp-content\/uploads\/2025\/02\/PD-3.27257-150x150.jpg 150w, http:\/\/projederi.com.tr\/wp-content\/uploads\/2025\/02\/PD-3.27257-768x768.jpg 768w, http:\/\/projederi.com.tr\/wp-content\/uploads\/2025\/02\/PD-3.27257-100x100.jpg 100w, http:\/\/projederi.com.tr\/wp-content\/uploads\/2025\/02\/PD-3.27257.jpg 1000w\" sizes=\"(max-width: 300px) 100vw, 300px\" \/><h2 class=\"woocommerce-loop-product__title\">\u00c7atal ve B\u0131\u00e7akl\u0131k<\/h2>\n\t<span class=\"price\"><span class=\"woocommerce-Price-amount amount\"><bdi><span class=\"woocommerce-Price-currencySymbol\">&#8378;<\/span>0,00<\/bdi><\/span><\/span>\n<\/a><\/li>\n<li class=\"product type-product post-2132 status-publish first instock product_cat-cekmeceli-kutu product_cat-otel-urunleri product_cat-tekne product_tag-ev product_tag-interior product_tag-office product_tag-hotellerie product_tag-tekne has-post-thumbnail shipping-taxable purchasable product-type-variable\">\n\t<a href=\"http:\/\/projederi.com.tr\/?product=cekmeceli-kutu\" class=\"woocommerce-LoopProduct-link woocommerce-loop-product__link\"><img loading=\"lazy\" decoding=\"async\" width=\"300\" height=\"300\" src=\"http:\/\/projederi.com.tr\/wp-content\/uploads\/2025\/04\/328DFE66-8B47-4E7A-8EE4-61FFD4A2F587_1_102_o-300x300.jpeg\" class=\"attachment-woocommerce_thumbnail size-woocommerce_thumbnail\" alt=\"\u00c7ekmeceli Kutu\" srcset=\"http:\/\/projederi.com.tr\/wp-content\/uploads\/2025\/04\/328DFE66-8B47-4E7A-8EE4-61FFD4A2F587_1_102_o-300x300.jpeg 300w, http:\/\/projederi.com.tr\/wp-content\/uploads\/2025\/04\/328DFE66-8B47-4E7A-8EE4-61FFD4A2F587_1_102_o-150x150.jpeg 150w, http:\/\/projederi.com.tr\/wp-content\/uploads\/2025\/04\/328DFE66-8B47-4E7A-8EE4-61FFD4A2F587_1_102_o-100x100.jpeg 100w\" sizes=\"(max-width: 300px) 100vw, 300px\" \/><h2 class=\"woocommerce-loop-product__title\">\u00c7ekmeceli Kutu<\/h2>\n\t<span class=\"price\"><span class=\"woocommerce-Price-amount amount\"><bdi><span class=\"woocommerce-Price-currencySymbol\">&#8378;<\/span>0,00<\/bdi><\/span><\/span>\n<\/a><\/li>\n<li class=\"product type-product post-2267 status-publish instock product_cat-otel-urunleri product_cat-tekne product_cat-cok-amacli-kutu product_tag-ev product_tag-interior product_tag-office product_tag-hotellerie product_tag-tekne has-post-thumbnail shipping-taxable product-type-variable\">\n\t<a href=\"http:\/\/projederi.com.tr\/?product=cok-amacli-kutu-2\" class=\"woocommerce-LoopProduct-link woocommerce-loop-product__link\"><img loading=\"lazy\" decoding=\"async\" width=\"300\" height=\"300\" src=\"http:\/\/projederi.com.tr\/wp-content\/uploads\/2025\/05\/37666586-E3E5-478E-B984-F45F332DE428_1_105_c-300x300.jpeg\" class=\"attachment-woocommerce_thumbnail size-woocommerce_thumbnail\" alt=\"\u00c7ok Ama\u00e7l\u0131 Kutu\" srcset=\"http:\/\/projederi.com.tr\/wp-content\/uploads\/2025\/05\/37666586-E3E5-478E-B984-F45F332DE428_1_105_c-300x300.jpeg 300w, http:\/\/projederi.com.tr\/wp-content\/uploads\/2025\/05\/37666586-E3E5-478E-B984-F45F332DE428_1_105_c-150x150.jpeg 150w, http:\/\/projederi.com.tr\/wp-content\/uploads\/2025\/05\/37666586-E3E5-478E-B984-F45F332DE428_1_105_c-768x768.jpeg 768w, http:\/\/projederi.com.tr\/wp-content\/uploads\/2025\/05\/37666586-E3E5-478E-B984-F45F332DE428_1_105_c-100x100.jpeg 100w, http:\/\/projederi.com.tr\/wp-content\/uploads\/2025\/05\/37666586-E3E5-478E-B984-F45F332DE428_1_105_c.jpeg 886w\" sizes=\"(max-width: 300px) 100vw, 300px\" \/><h2 class=\"woocommerce-loop-product__title\">\u00c7ok Ama\u00e7l\u0131 Kutu<\/h2>\n<\/a><\/li>\n<li class=\"product type-product post-2207 status-publish instock product_cat-otel-urunleri product_cat-tekne product_cat-cok-amacli-kutu product_tag-ev product_tag-interior product_tag-office product_tag-hotellerie product_tag-tekne has-post-thumbnail shipping-taxable product-type-variable\">\n\t<a href=\"http:\/\/projederi.com.tr\/?product=cok-amacli-kutu\" class=\"woocommerce-LoopProduct-link woocommerce-loop-product__link\"><img loading=\"lazy\" decoding=\"async\" width=\"300\" height=\"300\" src=\"http:\/\/projederi.com.tr\/wp-content\/uploads\/2025\/04\/4FE71771-0339-490F-B0AD-6DF6657B936F-300x300.jpeg\" class=\"attachment-woocommerce_thumbnail size-woocommerce_thumbnail\" alt=\"\u00c7ok Ama\u00e7l\u0131 Kutu SIMPLE\" srcset=\"http:\/\/projederi.com.tr\/wp-content\/uploads\/2025\/04\/4FE71771-0339-490F-B0AD-6DF6657B936F-300x300.jpeg 300w, http:\/\/projederi.com.tr\/wp-content\/uploads\/2025\/04\/4FE71771-0339-490F-B0AD-6DF6657B936F-1024x1024.jpeg 1024w, http:\/\/projederi.com.tr\/wp-content\/uploads\/2025\/04\/4FE71771-0339-490F-B0AD-6DF6657B936F-150x150.jpeg 150w, http:\/\/projederi.com.tr\/wp-content\/uploads\/2025\/04\/4FE71771-0339-490F-B0AD-6DF6657B936F-768x768.jpeg 768w, http:\/\/projederi.com.tr\/wp-content\/uploads\/2025\/04\/4FE71771-0339-490F-B0AD-6DF6657B936F-100x100.jpeg 100w, http:\/\/projederi.com.tr\/wp-content\/uploads\/2025\/04\/4FE71771-0339-490F-B0AD-6DF6657B936F.jpeg 1512w\" sizes=\"(max-width: 300px) 100vw, 300px\" \/><h2 class=\"woocommerce-loop-product__title\">\u00c7ok Ama\u00e7l\u0131 Kutu SIMPLE<\/h2>\n<\/a><\/li>\n<li class=\"product type-product post-891 status-publish last instock product_cat-amerikan-servis product_cat-masa-ustu product_cat-otel-urunleri product_cat-tekne product_tag-hotellerie product_tag-tekne has-post-thumbnail shipping-taxable purchasable product-type-variable\">\n\t<a href=\"http:\/\/projederi.com.tr\/?product=deri-amerikan-servis-stone-cift-tarafli\" class=\"woocommerce-LoopProduct-link woocommerce-loop-product__link\"><img loading=\"lazy\" decoding=\"async\" width=\"300\" height=\"300\" src=\"http:\/\/projederi.com.tr\/wp-content\/uploads\/2024\/09\/DERI-AMERIKAN-SERVIS-STONE-CIFT-TARAFLI-300x300.jpeg\" class=\"attachment-woocommerce_thumbnail size-woocommerce_thumbnail\" alt=\"Deri Amerikan Servis \u00c7ift Tarafl\u0131 STONE\" srcset=\"http:\/\/projederi.com.tr\/wp-content\/uploads\/2024\/09\/DERI-AMERIKAN-SERVIS-STONE-CIFT-TARAFLI-300x300.jpeg 300w, http:\/\/projederi.com.tr\/wp-content\/uploads\/2024\/09\/DERI-AMERIKAN-SERVIS-STONE-CIFT-TARAFLI-100x100.jpeg 100w, http:\/\/projederi.com.tr\/wp-content\/uploads\/2024\/09\/DERI-AMERIKAN-SERVIS-STONE-CIFT-TARAFLI-1024x1024.jpeg 1024w, http:\/\/projederi.com.tr\/wp-content\/uploads\/2024\/09\/DERI-AMERIKAN-SERVIS-STONE-CIFT-TARAFLI-150x150.jpeg 150w, http:\/\/projederi.com.tr\/wp-content\/uploads\/2024\/09\/DERI-AMERIKAN-SERVIS-STONE-CIFT-TARAFLI-768x768.jpeg 768w, http:\/\/projederi.com.tr\/wp-content\/uploads\/2024\/09\/DERI-AMERIKAN-SERVIS-STONE-CIFT-TARAFLI-50x50.jpeg 50w, http:\/\/projederi.com.tr\/wp-content\/uploads\/2024\/09\/DERI-AMERIKAN-SERVIS-STONE-CIFT-TARAFLI.jpeg 1512w\" sizes=\"(max-width: 300px) 100vw, 300px\" \/><h2 class=\"woocommerce-loop-product__title\">Deri Amerikan Servis \u00c7ift Tarafl\u0131 STONE<\/h2>\n\t<span class=\"price\"><span class=\"woocommerce-Price-amount amount\"><bdi><span class=\"woocommerce-Price-currencySymbol\">&#8378;<\/span>0,00<\/bdi><\/span><\/span>\n<\/a><\/li>\n<\/ul>\n<\/div><\/div>\n\t\t\t\t\t\t<\/div>\n\t\t\t\t<\/div>\n\t\t\t\t\t<\/div>\n\t\t\t\t<\/div>\n\t\t\t\t<\/div>\n\t\t","protected":false},"excerpt":{"rendered":"<p>OTEL&amp;RESTORAN<\/p>\n","protected":false},"author":4,"featured_media":142,"parent":0,"menu_order":0,"comment_status":"closed","ping_status":"closed","template":"","meta":{"footnotes":""},"class_list":["post-349","page","type-page","status-publish","has-post-thumbnail","hentry"],"_links":{"self":[{"href":"http:\/\/projederi.com.tr\/index.php?rest_route=\/wp\/v2\/pages\/349","targetHints":{"allow":["GET"]}}],"collection":[{"href":"http:\/\/projederi.com.tr\/index.php?rest_route=\/wp\/v2\/pages"}],"about":[{"href":"http:\/\/projederi.com.tr\/index.php?rest_route=\/wp\/v2\/types\/page"}],"author":[{"embeddable":true,"href":"http:\/\/projederi.com.tr\/index.php?rest_route=\/wp\/v2\/users\/4"}],"replies":[{"embeddable":true,"href":"http:\/\/projederi.com.tr\/index.php?rest_route=%2Fwp%2Fv2%2Fcomments&post=349"}],"version-history":[{"count":38,"href":"http:\/\/projederi.com.tr\/index.php?rest_route=\/wp\/v2\/pages\/349\/revisions"}],"predecessor-version":[{"id":1773,"href":"http:\/\/projederi.com.tr\/index.php?rest_route=\/wp\/v2\/pages\/349\/revisions\/1773"}],"wp:featuredmedia":[{"embeddable":true,"href":"http:\/\/projederi.com.tr\/index.php?rest_route=\/wp\/v2\/media\/142"}],"wp:attachment":[{"href":"http:\/\/projederi.com.tr\/index.php?rest_route=%2Fwp%2Fv2%2Fmedia&parent=349"}],"curies":[{"name":"wp","href":"https:\/\/api.w.org\/{rel}","templated":true}]}}